{"id":9,"date":"2021-03-12T16:24:04","date_gmt":"2021-03-12T16:24:04","guid":{"rendered":"https:\/\/www.facesulavirtual.org\/pccw\/?page_id=9"},"modified":"2025-10-31T01:33:26","modified_gmt":"2025-10-31T01:33:26","slug":"inicio","status":"publish","type":"page","link":"https:\/\/www.facesulavirtual.org\/pcc\/","title":{"rendered":"Inicio"},"content":{"rendered":"<p>[et_pb_section fb_built=\u00bb1&#8243; fullwidth=\u00bbon\u00bb _builder_version=\u00bb4.16&#8243; _module_preset=\u00bbdefault\u00bb background_color=\u00bb#c4c4c4&#8243; background_image=\u00bbhttps:\/\/www.facesulavirtual.org\/pccw\/wp-content\/uploads\/2021\/03\/IMG_20210329_100056.jpg\u00bb bottom_divider_color=\u00bbrgba(0,0,0,0.15)\u00bb bottom_divider_height=\u00bb30px\u00bb global_colors_info=\u00bb{}\u00bb][et_pb_fullwidth_slider use_bg_overlay=\u00bboff\u00bb _builder_version=\u00bb4.27.2&#8243; _module_preset=\u00bbdefault\u00bb body_font=\u00bb||||||||\u00bb body_font_size=\u00bb35px\u00bb body_line_height=\u00bb2em\u00bb background_color=\u00bbrgba(153,0,0,0.67)\u00bb background_color_gradient_direction=\u00bb38deg\u00bb background_enable_image=\u00bboff\u00bb min_height=\u00bb656px\u00bb custom_padding=\u00bb8px|4px|0px|1px||\u00bb auto=\u00bbon\u00bb auto_speed=\u00bb8000&#8243; hover_transition_duration=\u00bb1200ms\u00bb hover_enabled=\u00bb0&#8243; header_font_size_tablet=\u00bb\u00bb header_font_size_phone=\u00bb\u00bb header_font_size_last_edited=\u00bbon|phone\u00bb body_font_size_tablet=\u00bb\u00bb body_font_size_phone=\u00bb25px\u00bb body_font_size_last_edited=\u00bbon|desktop\u00bb custom_css_slide_image=\u00bbanimation-name:flixpInY;\u00bb border_radii_image=\u00bbon|2px|2px|2px|2px\u00bb text_shadow_style=\u00bbpreset4&#8243; global_colors_info=\u00bb{}\u00bb sticky_enabled=\u00bb0&#8243;][et_pb_slide heading=\u00bbPROPED\u00c9UTICO 2025&#8243; _builder_version=\u00bb4.27.2&#8243; _module_preset=\u00bbdefault\u00bb header_font=\u00bb|800|||||||\u00bb header_text_color=\u00bb#E02B20&#8243; body_text_color=\u00bb#000000&#8243; body_font_size=\u00bb18px\u00bb body_line_height=\u00bb1.6em\u00bb background_enable_color=\u00bboff\u00bb background_image=\u00bbhttps:\/\/www.facesulavirtual.org\/pcc\/wp-content\/uploads\/2024\/08\/PropFONDO-min.jpg\u00bb background_enable_image=\u00bbon\u00bb text_orientation=\u00bbright\u00bb hover_enabled=\u00bb0&#8243; global_colors_info=\u00bb{}\u00bb sticky_transition=\u00bbon\u00bb title_text=\u00bbprope2025&#8243; image=\u00bbhttps:\/\/www.facesulavirtual.org\/pcc\/wp-content\/uploads\/2025\/10\/prope2025.jpg\u00bb sticky_enabled=\u00bb0&#8243;][\/et_pb_slide][et_pb_slide heading=\u00bbEl Postgrado en Ciencias Contables te invita a apoyar la campa\u00f1a de recaudaci\u00f3n de fondos %22Todos por la FACES%22&#8243; video_url=\u00bbhttps:\/\/www.youtube.com\/watch?v=VVKGXTv0X9U\u00bb video_url_tablet=\u00bb\u00bb video_url_phone=\u00bbhttps:\/\/www.youtube.com\/watch?v=VVKGXTv0X9U\u00bb video_url_last_edited=\u00bbon|phone\u00bb _builder_version=\u00bb4.16&#8243; _module_preset=\u00bbdefault\u00bb header_font=\u00bb|700|||||||\u00bb header_text_align=\u00bbcenter\u00bb header_text_color=\u00bb#69012d\u00bb header_line_height=\u00bb1.5em\u00bb background_color=\u00bbrgba(255,255,255,0.66)\u00bb background_enable_color=\u00bbon\u00bb header_font_size_tablet=\u00bb\u00bb header_font_size_phone=\u00bb35px\u00bb header_font_size_last_edited=\u00bbon|phone\u00bb global_colors_info=\u00bb{}\u00bb sticky_transition=\u00bbon\u00bb]<\/p>\n<p style=\"text-align: right;\"><span style=\"color: #800000;\"><a href=\"https:\/\/www.facesulavirtual.org\/donaciones\/\" style=\"color: #69012d;\">Leer m\u00e1s&#8230;<\/a><\/span><\/p>\n<p>[\/et_pb_slide][\/et_pb_fullwidth_slider][\/et_pb_section][et_pb_section fb_built=\u00bb1&#8243; _builder_version=\u00bb4.16&#8243; _module_preset=\u00bbdefault\u00bb custom_margin=\u00bb0px||0px||false|false\u00bb custom_padding=\u00bb0px||0px||false|false\u00bb global_colors_info=\u00bb{}\u00bb][et_pb_row column_structure=\u00bb1_2,1_2&#8243; use_custom_gutter=\u00bbon\u00bb gutter_width=\u00bb1&#8243; make_equal=\u00bbon\u00bb _builder_version=\u00bb4.16&#8243; _module_preset=\u00bbdefault\u00bb custom_css_main_element=\u00bbalign-items: center;\u00bb global_colors_info=\u00bb{}\u00bb][et_pb_column type=\u00bb1_2&#8243; _builder_version=\u00bb4.16&#8243; _module_preset=\u00bbdefault\u00bb global_colors_info=\u00bb{}\u00bb][et_pb_image src=\u00bbhttps:\/\/www.facesulavirtual.org\/pcc\/wp-content\/uploads\/2024\/08\/1723156264.png\u00bb title_text=\u00bb1723156264&#8243; align=\u00bbcenter\u00bb _builder_version=\u00bb4.16&#8243; _module_preset=\u00bbdefault\u00bb width=\u00bb450px\u00bb max_width=\u00bb450px\u00bb module_alignment=\u00bbcenter\u00bb custom_margin=\u00bb0px|-9px|0px|0px|false|false\u00bb custom_padding=\u00bb0px|0px|0px|0px|false|false\u00bb global_colors_info=\u00bb{}\u00bb][\/et_pb_image][\/et_pb_column][et_pb_column type=\u00bb1_2&#8243; _builder_version=\u00bb4.16&#8243; _module_preset=\u00bbdefault\u00bb global_colors_info=\u00bb{}\u00bb][et_pb_button button_url=\u00bbhttps:\/\/www.facesulavirtual.org\/pcc\/wp-content\/uploads\/2024\/08\/La-Etica-como-Esencia.pdf\u00bb url_new_window=\u00bbon\u00bb button_text=\u00bbDescargar en PDF\u00bb button_alignment=\u00bbleft\u00bb _builder_version=\u00bb4.16&#8243; _module_preset=\u00bbdefault\u00bb custom_button=\u00bbon\u00bb button_text_size=\u00bb30px\u00bb button_text_color=\u00bb#E02B20&#8243; button_letter_spacing=\u00bb1px\u00bb button_icon=\u00bb&#x68;||divi||400&#8243; custom_margin=\u00bb0px|0px|0px|0px|false|false\u00bb custom_padding=\u00bb0px||0px||false|false\u00bb button_bg_color_last_edited=\u00bboff|desktop\u00bb global_colors_info=\u00bb{}\u00bb button_text_color__hover_enabled=\u00bbon|hover\u00bb button_bg_color__hover_enabled=\u00bboff|desktop\u00bb button_text_color__hover=\u00bb#E02B20&#8243;][\/et_pb_button][\/et_pb_column][\/et_pb_row][\/et_pb_section][et_pb_section fb_built=\u00bb1&#8243; next_background_color=\u00bb#FFFFFF\u00bb _builder_version=\u00bb4.16&#8243; _module_preset=\u00bbdefault\u00bb background_color=\u00bbrgba(179,179,179,0.63)\u00bb background_enable_image=\u00bboff\u00bb custom_margin=\u00bb-1px|||||\u00bb custom_padding=\u00bb||18px|||\u00bb top_divider_color=\u00bbrgba(0,0,0,0.15)\u00bb top_divider_height=\u00bb30px\u00bb top_divider_repeat=\u00bb0x\u00bb bottom_divider_style=\u00bbwaves2&#8243; bottom_divider_height=\u00bb30px\u00bb global_colors_info=\u00bb{}\u00bb][et_pb_row _builder_version=\u00bb4.16&#8243; _module_preset=\u00bbdefault\u00bb custom_padding=\u00bb22px|||||\u00bb global_colors_info=\u00bb{}\u00bb][et_pb_column type=\u00bb4_4&#8243; _builder_version=\u00bb4.16&#8243; _module_preset=\u00bbdefault\u00bb global_colors_info=\u00bb{}\u00bb][et_pb_text _builder_version=\u00bb4.16&#8243; _module_preset=\u00bbdefault\u00bb header_font=\u00bb|700|||||||\u00bb header_text_color=\u00bb#242424&#8243; header_font_size=\u00bb35px\u00bb header_line_height=\u00bb1.8em\u00bb custom_margin=\u00bb||-16px|||\u00bb custom_padding=\u00bb||16px|||\u00bb global_colors_info=\u00bb{}\u00bb]<\/p>\n<h1 style=\"text-align: center;\">\u00bfPor qu\u00e9 estudiar con nosotros?<\/h1>\n<p>[\/et_pb_text][\/et_pb_column][\/et_pb_row][et_pb_row column_structure=\u00bb1_3,1_3,1_3&#8243; _builder_version=\u00bb4.16&#8243; _module_preset=\u00bbdefault\u00bb custom_padding=\u00bb8px|||||\u00bb global_colors_info=\u00bb{}\u00bb][et_pb_column type=\u00bb1_3&#8243; _builder_version=\u00bb4.16&#8243; _module_preset=\u00bbdefault\u00bb global_colors_info=\u00bb{}\u00bb][et_pb_blurb title=\u00bbFormaci\u00f3n Online\u00bb image=\u00bbhttps:\/\/www.facesulavirtual.org\/pccw\/wp-content\/uploads\/2021\/04\/02-pcc.png\u00bb image_icon_width=\u00bb128px\u00bb _builder_version=\u00bb4.16&#8243; _module_preset=\u00bbdefault\u00bb header_font=\u00bb|700|||||||\u00bb header_text_align=\u00bbcenter\u00bb header_text_color=\u00bb#242424&#8243; header_font_size=\u00bb20px\u00bb header_line_height=\u00bb1.3em\u00bb body_text_align=\u00bbcenter\u00bb body_text_color=\u00bb#000000&#8243; custom_margin=\u00bb0px|0px|0px|0px|false|false\u00bb custom_padding=\u00bb0px|0px|0px|0px|false|false\u00bb image_max_width=\u00bb128px\u00bb global_colors_info=\u00bb{}\u00bb]<\/p>\n<p style=\"text-align: center;\"><span>Brindamos una extensi\u00f3n del proceso educativo m\u00e1s all\u00e1 del contexto f\u00edsico, a trav\u00e9s de la tecnolog\u00eda de la plataforma educativa MOODLE.<\/span><\/p>\n<p>[\/et_pb_blurb][\/et_pb_column][et_pb_column type=\u00bb1_3&#8243; _builder_version=\u00bb4.16&#8243; _module_preset=\u00bbdefault\u00bb global_colors_info=\u00bb{}\u00bb][et_pb_blurb title=\u00bbProfesores Expertos\u00bb image=\u00bbhttps:\/\/www.facesulavirtual.org\/pccw\/wp-content\/uploads\/2021\/04\/03-pcc.png\u00bb image_icon_width=\u00bb128px\u00bb _builder_version=\u00bb4.16&#8243; _module_preset=\u00bbdefault\u00bb header_font=\u00bb|700|||||||\u00bb header_text_align=\u00bbcenter\u00bb header_text_color=\u00bb#242424&#8243; header_font_size=\u00bb20px\u00bb header_line_height=\u00bb1.3em\u00bb body_text_color=\u00bb#000000&#8243; custom_margin=\u00bb0px|0px|0px|0px|false|false\u00bb custom_padding=\u00bb0px|0px|0px|0px|false|false\u00bb image_max_width=\u00bb128px\u00bb global_colors_info=\u00bb{}\u00bb]<\/p>\n<p style=\"text-align: center;\"><span>Ofrecemos la oportunidad de aprender con profesionales altamente calificados en cada \u00e1rea de estudio, soportados en una amplia trayectoria de desarrollo.<\/span><\/p>\n<p>[\/et_pb_blurb][\/et_pb_column][et_pb_column type=\u00bb1_3&#8243; _builder_version=\u00bb4.16&#8243; _module_preset=\u00bbdefault\u00bb global_colors_info=\u00bb{}\u00bb][et_pb_blurb title=\u00bbComunidad de Investigaci\u00f3n\u00bb image=\u00bbhttps:\/\/www.facesulavirtual.org\/pccw\/wp-content\/uploads\/2021\/04\/01-pcc.png\u00bb image_icon_width=\u00bb128px\u00bb _builder_version=\u00bb4.16&#8243; _module_preset=\u00bbdefault\u00bb header_font=\u00bb|700|||||||\u00bb header_text_align=\u00bbcenter\u00bb header_text_color=\u00bb#242424&#8243; header_font_size=\u00bb20px\u00bb header_line_height=\u00bb1.3em\u00bb body_text_color=\u00bb#000000&#8243; custom_margin=\u00bb0px|0px|0px|0px|false|false\u00bb custom_padding=\u00bb0px|0px|0px|0px|false|false\u00bb image_max_width=\u00bb128px\u00bb global_colors_info=\u00bb{}\u00bb]<\/p>\n<p style=\"text-align: center;\"><span>Promovemos la conformaci\u00f3n de un equipo de profesionales de gran impacto en el contexto de las ciencias contables.<\/span><\/p>\n<p>[\/et_pb_blurb][\/et_pb_column][\/et_pb_row][\/et_pb_section][et_pb_section fb_built=\u00bb1&#8243; admin_label=\u00bbSecci\u00f3n\u00bb _builder_version=\u00bb4.16&#8243; _module_preset=\u00bbdefault\u00bb background_color=\u00bb#FFFFFF\u00bb custom_padding=\u00bb44px||3px|||\u00bb global_colors_info=\u00bb{}\u00bb][et_pb_row _builder_version=\u00bb4.16&#8243; _module_preset=\u00bbdefault\u00bb custom_margin=\u00bb-21px|auto||auto||\u00bb custom_padding=\u00bb0px||6px|||\u00bb global_colors_info=\u00bb{}\u00bb][et_pb_column type=\u00bb4_4&#8243; _builder_version=\u00bb4.16&#8243; _module_preset=\u00bbdefault\u00bb global_colors_info=\u00bb{}\u00bb][et_pb_text _builder_version=\u00bb4.16&#8243; _module_preset=\u00bbdefault\u00bb text_font=\u00bb||||||||\u00bb text_font_size=\u00bb16px\u00bb text_line_height=\u00bb2em\u00bb header_text_color=\u00bb#242424&#8243; header_font_size=\u00bb35px\u00bb header_line_height=\u00bb1.5em\u00bb header_2_text_color=\u00bbrgba(79,79,79,0.81)\u00bb header_2_line_height=\u00bb1.5em\u00bb custom_margin=\u00bb0px||-68px||false|false\u00bb custom_padding=\u00bb28px||0px||false|false\u00bb global_colors_info=\u00bb{}\u00bb]<\/p>\n<h1 style=\"text-align: center;\"><b>Nuestra Oferta Acad\u00e9mica<\/b><\/h1>\n<p><strong><\/strong><\/p>\n<ul class=\"lead\"><\/ul>\n<p>[\/et_pb_text][\/et_pb_column][\/et_pb_row][\/et_pb_section][et_pb_section fb_built=\u00bb1&#8243; admin_label=\u00bbSecci\u00f3n\u00bb _builder_version=\u00bb4.16&#8243; _module_preset=\u00bbdefault\u00bb background_color=\u00bb#FFFFFF\u00bb min_height=\u00bb350px\u00bb height=\u00bb350px\u00bb height_tablet=\u00bb\u00bb height_phone=\u00bbauto\u00bb height_last_edited=\u00bbon|phone\u00bb max_height=\u00bb350px\u00bb max_height_tablet=\u00bb\u00bb max_height_phone=\u00bb\u00bb max_height_last_edited=\u00bbon|desktop\u00bb custom_margin=\u00bb||-1px|||\u00bb custom_padding=\u00bb50px||4px|||\u00bb top_divider_repeat=\u00bb0x\u00bb bottom_divider_color=\u00bb#FFFFFF\u00bb bottom_divider_height=\u00bb30px\u00bb bottom_divider_flip=\u00bbhorizontal\u00bb border_width_all=\u00bb3px\u00bb border_color_all=\u00bb#000000&#8243; border_style_all=\u00bbnone\u00bb global_colors_info=\u00bb{}\u00bb][et_pb_row column_structure=\u00bb1_4,1_4,1_4,1_4&#8243; _builder_version=\u00bb4.16&#8243; _module_preset=\u00bbdefault\u00bb custom_margin=\u00bb-29px|auto||auto||\u00bb custom_padding=\u00bb36px|||||\u00bb global_colors_info=\u00bb{}\u00bb][et_pb_column type=\u00bb1_4&#8243; _builder_version=\u00bb4.16&#8243; _module_preset=\u00bbdefault\u00bb global_colors_info=\u00bb{}\u00bb][et_pb_blurb title=\u00bbDoctorado\u00bb url=\u00bbhttps:\/\/www.facesulavirtual.org\/pcc\/estudios\/#doctorado\u00bb image=\u00bbhttps:\/\/www.facesulavirtual.org\/pccw\/wp-content\/uploads\/2021\/03\/Doctorados.jpg\u00bb _builder_version=\u00bb4.16&#8243; _module_preset=\u00bbdefault\u00bb header_font=\u00bb|700|||||||\u00bb header_font_size=\u00bb20px\u00bb text_orientation=\u00bbcenter\u00bb hover_transition_duration=\u00bb50ms\u00bb border_radii=\u00bboff|12px|||\u00bb border_color_all=\u00bb#8b2a29&#8243; border_style_all=\u00bboutset\u00bb global_colors_info=\u00bb{}\u00bb border_width_all__hover_enabled=\u00bbon|hover\u00bb border_width_all__hover=\u00bb3px\u00bb border_radii_image__hover_enabled=\u00bbon|hover\u00bb header_text_color__hover_enabled=\u00bbon|hover\u00bb header_text_color__hover=\u00bb#8e2c2c\u00bb][\/et_pb_blurb][\/et_pb_column][et_pb_column type=\u00bb1_4&#8243; _builder_version=\u00bb4.16&#8243; _module_preset=\u00bbdefault\u00bb global_colors_info=\u00bb{}\u00bb][et_pb_blurb title=\u00bbMaestr\u00eda\u00bb url=\u00bbhttps:\/\/www.facesulavirtual.org\/pcc\/estudios\/#maestria\u00bb image=\u00bbhttps:\/\/www.facesulavirtual.org\/pccw\/wp-content\/uploads\/2021\/03\/Maestria.jpg\u00bb _builder_version=\u00bb4.16&#8243; _module_preset=\u00bbdefault\u00bb header_font=\u00bb|700|||||||\u00bb header_font_size=\u00bb20px\u00bb text_orientation=\u00bbcenter\u00bb hover_transition_duration=\u00bb50ms\u00bb border_radii=\u00bboff|12px|||\u00bb border_color_all=\u00bb#8b2a29&#8243; border_style_all=\u00bboutset\u00bb global_colors_info=\u00bb{}\u00bb border_width_all__hover=\u00bb3px\u00bb border_width_all__hover_enabled=\u00bbon|hover\u00bb header_text_color__hover=\u00bb#8e2c2c\u00bb header_text_color__hover_enabled=\u00bbon|hover\u00bb border_radii_image__hover_enabled=\u00bbon|hover\u00bb][\/et_pb_blurb][\/et_pb_column][et_pb_column type=\u00bb1_4&#8243; _builder_version=\u00bb4.16&#8243; _module_preset=\u00bbdefault\u00bb global_colors_info=\u00bb{}\u00bb][et_pb_blurb title=\u00bbEspecializaciones\u00bb url=\u00bbhttps:\/\/www.facesulavirtual.org\/pcc\/estudios\/#especializaciones\u00bb image=\u00bbhttps:\/\/www.facesulavirtual.org\/pccw\/wp-content\/uploads\/2021\/03\/Especializaciones.jpg\u00bb _builder_version=\u00bb4.16&#8243; _module_preset=\u00bbdefault\u00bb header_font=\u00bb|700|||||||\u00bb header_font_size=\u00bb20px\u00bb text_orientation=\u00bbcenter\u00bb hover_transition_duration=\u00bb50ms\u00bb border_radii=\u00bboff|12px|||\u00bb border_color_all=\u00bb#8b2a29&#8243; border_style_all=\u00bboutset\u00bb global_colors_info=\u00bb{}\u00bb border_width_all__hover=\u00bb3px\u00bb border_width_all__hover_enabled=\u00bbon|hover\u00bb header_text_color__hover=\u00bb#8e2c2c\u00bb header_text_color__hover_enabled=\u00bbon|hover\u00bb border_radii_image__hover_enabled=\u00bbon|hover\u00bb][\/et_pb_blurb][\/et_pb_column][et_pb_column type=\u00bb1_4&#8243; _builder_version=\u00bb4.16&#8243; _module_preset=\u00bbdefault\u00bb global_colors_info=\u00bb{}\u00bb][et_pb_blurb title=\u00bbEspecializaciones T\u00e9cnicas\u00bb url=\u00bbhttps:\/\/www.facesulavirtual.org\/pcc\/estudios\/#especializaciones-tecnicas\u00bb image=\u00bbhttps:\/\/www.facesulavirtual.org\/pccw\/wp-content\/uploads\/2021\/03\/Especializaciones_Tecnicas.jpg\u00bb _builder_version=\u00bb4.16&#8243; _module_preset=\u00bbdefault\u00bb header_font=\u00bb|700|||||||\u00bb header_font_size=\u00bb20px\u00bb text_orientation=\u00bbcenter\u00bb custom_padding=\u00bb||0px|||\u00bb hover_transition_duration=\u00bb50ms\u00bb border_radii=\u00bboff|12px|||\u00bb border_color_all=\u00bb#8b2a29&#8243; border_style_all=\u00bboutset\u00bb global_colors_info=\u00bb{}\u00bb border_width_all__hover=\u00bb3px\u00bb border_width_all__hover_enabled=\u00bbon|hover\u00bb header_text_color__hover=\u00bb#8e2c2c\u00bb header_text_color__hover_enabled=\u00bbon|hover\u00bb border_radii_image__hover_enabled=\u00bbon|hover\u00bb][\/et_pb_blurb][\/et_pb_column][\/et_pb_row][\/et_pb_section][et_pb_section fb_built=\u00bb1&#8243; prev_background_color=\u00bb#FFFFFF\u00bb next_background_color=\u00bb#ffffff\u00bb _builder_version=\u00bb4.16&#8243; _module_preset=\u00bbdefault\u00bb background_enable_color=\u00bboff\u00bb background_image=\u00bbhttps:\/\/www.facesulavirtual.org\/pcc\/wp-content\/uploads\/2021\/03\/Actualizate.jpg\u00bb parallax=\u00bbon\u00bb parallax_method=\u00bboff\u00bb custom_margin=\u00bb-2px|||||\u00bb custom_padding=\u00bb158px||158px||true|\u00bb top_divider_style=\u00bbwaves2&#8243; top_divider_height=\u00bb30px\u00bb bottom_divider_style=\u00bbwaves2&#8243; bottom_divider_height=\u00bb30px\u00bb global_colors_info=\u00bb{}\u00bb][et_pb_row _builder_version=\u00bb4.16&#8243; _module_preset=\u00bbdefault\u00bb global_colors_info=\u00bb{}\u00bb][et_pb_column type=\u00bb4_4&#8243; _builder_version=\u00bb4.16&#8243; _module_preset=\u00bbdefault\u00bb global_colors_info=\u00bb{}\u00bb][et_pb_text _builder_version=\u00bb4.16&#8243; _module_preset=\u00bbdefault\u00bb text_text_color=\u00bb#FFFFFF\u00bb text_font_size=\u00bb27px\u00bb text_line_height=\u00bb1.5em\u00bb header_font=\u00bb|800|||||||\u00bb header_text_color=\u00bb#FFFFFF\u00bb header_font_size=\u00bb43px\u00bb header_line_height=\u00bb1.2em\u00bb text_text_shadow_style=\u00bbpreset5&#8243; header_text_shadow_style=\u00bbpreset5&#8243; global_colors_info=\u00bb{}\u00bb]<\/p>\n<h1 class=\"et_pb_module_header et-fb-editable-element et-fb-editable-element__editing\" data-shortcode-id=\"4.0.0.0-1617900994650\" data-quickaccess-id=\"header\" contenteditable=\"true\" style=\"text-align: center;\">Actual\u00edzate con nosotros\u00a0 y Capac\u00edtate para el Futuro<\/h1>\n<p style=\"text-align: center;\"><span>Convi\u00e9rtete en un profesional altamente calificado, capaz de brindar soluciones en el contexto de las ciencias contables promoviendo un desarrollo sostenible del conocimiento a trav\u00e9s del tiempo<\/span><\/p>\n<p>[\/et_pb_text][\/et_pb_column][\/et_pb_row][\/et_pb_section][et_pb_section fb_built=\u00bb1&#8243; _builder_version=\u00bb4.16&#8243; _module_preset=\u00bbdefault\u00bb custom_padding=\u00bb105px||105px||true|\u00bb top_divider_color=\u00bbrgba(0,0,0,0.27)\u00bb top_divider_height=\u00bb30px\u00bb global_colors_info=\u00bb{}\u00bb][et_pb_row column_structure=\u00bb1_2,1_2&#8243; use_custom_gutter=\u00bbon\u00bb gutter_width=\u00bb1&#8243; make_equal=\u00bbon\u00bb _builder_version=\u00bb4.16&#8243; _module_preset=\u00bbdefault\u00bb custom_margin=\u00bb-4px|auto|-80px|auto||\u00bb custom_padding=\u00bb0px||3px|||\u00bb global_colors_info=\u00bb{}\u00bb][et_pb_column type=\u00bb1_2&#8243; _builder_version=\u00bb4.16&#8243; _module_preset=\u00bbdefault\u00bb custom_css_main_element=\u00bbmargin:auto;\u00bb global_colors_info=\u00bb{}\u00bb][et_pb_text _builder_version=\u00bb4.16&#8243; _module_preset=\u00bbdefault\u00bb text_font=\u00bb|700|||||||\u00bb header_font=\u00bb|700|||||||\u00bb header_text_align=\u00bbcenter\u00bb header_text_color=\u00bb#242424&#8243; header_font_size=\u00bb41px\u00bb header_line_height=\u00bb1.4em\u00bb custom_margin=\u00bb-120px|||||\u00bb custom_margin_tablet=\u00bb\u00bb custom_margin_phone=\u00bb0px||||false|false\u00bb custom_margin_last_edited=\u00bbon|phone\u00bb custom_padding=\u00bb|10px||||\u00bb global_colors_info=\u00bb{}\u00bb]<\/p>\n<h1>Conoce nuestros programas acad\u00e9micos<\/h1>\n<p>[\/et_pb_text][et_pb_button button_url=\u00bbhttps:\/\/www.youtube.com\/channel\/UCRe0aCOPzohkUrPBSPd6hyg\u00bb button_text=\u00bbVisita Nuestro Canal\u00bb button_alignment=\u00bbcenter\u00bb _builder_version=\u00bb4.16&#8243; _module_preset=\u00bbdefault\u00bb custom_button=\u00bbon\u00bb button_text_size=\u00bb16px\u00bb button_text_color=\u00bb#FFFFFF\u00bb button_bg_color=\u00bb#9a2323&#8243; button_border_color=\u00bbRGBA(0,0,0,0)\u00bb button_font=\u00bb|700|||||||\u00bb custom_margin=\u00bb30px||30px||true|false\u00bb global_colors_info=\u00bb{}\u00bb][\/et_pb_button][\/et_pb_column][et_pb_column type=\u00bb1_2&#8243; _builder_version=\u00bb4.16&#8243; _module_preset=\u00bbdefault\u00bb global_colors_info=\u00bb{}\u00bb][et_pb_video src=\u00bbhttps:\/\/www.youtube.com\/watch?v=O0MqD8IwMp0&#038;feature=emb_imp_woyt\u00bb _builder_version=\u00bb4.16&#8243; _module_preset=\u00bbdefault\u00bb module_alignment=\u00bbcenter\u00bb custom_margin=\u00bb||||true|false\u00bb custom_margin_tablet=\u00bb\u00bb custom_margin_phone=\u00bb\u00bb custom_margin_last_edited=\u00bbon|phone\u00bb global_colors_info=\u00bb{}\u00bb][\/et_pb_video][\/et_pb_column][\/et_pb_row][\/et_pb_section][et_pb_section fb_built=\u00bb1&#8243; _builder_version=\u00bb4.16&#8243; _module_preset=\u00bbdefault\u00bb background_enable_color=\u00bboff\u00bb custom_margin=\u00bb79px|||||\u00bb custom_padding=\u00bb4px||0px|||\u00bb top_divider_height=\u00bb30px\u00bb global_colors_info=\u00bb{}\u00bb][et_pb_row use_custom_gutter=\u00bbon\u00bb gutter_width=\u00bb1&#8243; make_equal=\u00bbon\u00bb _builder_version=\u00bb4.16&#8243; _module_preset=\u00bbdefault\u00bb width=\u00bb100%\u00bb max_width=\u00bb2560px\u00bb custom_padding=\u00bb4px||0px|||\u00bb global_colors_info=\u00bb{}\u00bb][et_pb_column type=\u00bb4_4&#8243; _builder_version=\u00bb4.16&#8243; _module_preset=\u00bbdefault\u00bb global_colors_info=\u00bb{}\u00bb][et_pb_gallery gallery_ids=\u00bb1696,1695,1693,1692,138,137,135,136,134,133,132,131&#8243; posts_number=\u00bb8&#8243; show_title_and_caption=\u00bboff\u00bb zoom_icon_color=\u00bb#9a2323&#8243; hover_overlay_color=\u00bbrgba(154,35,35,0.46)\u00bb hover_icon=\u00bb&#x4c;||divi||400&#8243; _builder_version=\u00bb4.16&#8243; _module_preset=\u00bbdefault\u00bb background_color=\u00bb#242424&#8243; global_colors_info=\u00bb{}\u00bb][\/et_pb_gallery][\/et_pb_column][\/et_pb_row][\/et_pb_section]<\/p>\n","protected":false},"excerpt":{"rendered":"<p>Leer m\u00e1s&#8230;\u00bfPor qu\u00e9 estudiar con nosotros?Brindamos una extensi\u00f3n del proceso educativo m\u00e1s all\u00e1 del contexto f\u00edsico, a trav\u00e9s de la tecnolog\u00eda de la plataforma educativa MOODLE.Ofrecemos la oportunidad de aprender con profesionales altamente calificados en cada \u00e1rea de estudio, soportados en una amplia trayectoria de desarrollo.Promovemos la conformaci\u00f3n de un equipo de profesionales de gran [&hellip;]<\/p>\n","protected":false},"author":1,"featured_media":0,"parent":0,"menu_order":0,"comment_status":"closed","ping_status":"closed","template":"","meta":{"_et_pb_use_builder":"on","_et_pb_old_content":"<!-- wp:divi\/placeholder \/-->","_et_gb_content_width":"","footnotes":""},"class_list":["post-9","page","type-page","status-publish","hentry"],"_links":{"self":[{"href":"https:\/\/www.facesulavirtual.org\/pcc\/wp-json\/wp\/v2\/pages\/9","targetHints":{"allow":["GET"]}}],"collection":[{"href":"https:\/\/www.facesulavirtual.org\/pcc\/wp-json\/wp\/v2\/pages"}],"about":[{"href":"https:\/\/www.facesulavirtual.org\/pcc\/wp-json\/wp\/v2\/types\/page"}],"author":[{"embeddable":true,"href":"https:\/\/www.facesulavirtual.org\/pcc\/wp-json\/wp\/v2\/users\/1"}],"replies":[{"embeddable":true,"href":"https:\/\/www.facesulavirtual.org\/pcc\/wp-json\/wp\/v2\/comments?post=9"}],"version-history":[{"count":281,"href":"https:\/\/www.facesulavirtual.org\/pcc\/wp-json\/wp\/v2\/pages\/9\/revisions"}],"predecessor-version":[{"id":2167,"href":"https:\/\/www.facesulavirtual.org\/pcc\/wp-json\/wp\/v2\/pages\/9\/revisions\/2167"}],"wp:attachment":[{"href":"https:\/\/www.facesulavirtual.org\/pcc\/wp-json\/wp\/v2\/media?parent=9"}],"curies":[{"name":"wp","href":"https:\/\/api.w.org\/{rel}","templated":true}]}}