{"id":8,"date":"2021-06-23T01:11:25","date_gmt":"2021-06-23T01:11:25","guid":{"rendered":"https:\/\/www.facesulavirtual.org\/gilog\/?page_id=8"},"modified":"2025-03-01T20:02:57","modified_gmt":"2025-03-01T20:02:57","slug":"inicio","status":"publish","type":"page","link":"https:\/\/www.facesulavirtual.org\/gilog\/","title":{"rendered":"Inicio"},"content":{"rendered":"<p>[et_pb_section fb_built=\u00bb1&#8243; fullwidth=\u00bbon\u00bb _builder_version=\u00bb4.16&#8243; _module_preset=\u00bbdefault\u00bb background_color=\u00bb#B3B3B3&#8243; background_enable_image=\u00bboff\u00bb global_colors_info=\u00bb{}\u00bb][et_pb_fullwidth_slider use_bg_overlay=\u00bbon\u00bb bg_overlay_color=\u00bbrgba(214,158,158,0)\u00bb _builder_version=\u00bb4.27.4&#8243; _module_preset=\u00bbdefault\u00bb header_text_color=\u00bb#000000&#8243; body_line_height=\u00bb2.5em\u00bb background_color=\u00bb#B3B3B3&#8243; background_image=\u00bbhttp:\/\/www.facesulavirtual.org\/gilog\/wp-content\/uploads\/2022\/10\/Alma_Gilog_1.jpg\u00bb custom_padding=\u00bb126px|44px|207px|0px||\u00bb auto=\u00bbon\u00bb hover_transition_duration=\u00bb50ms\u00bb custom_css_slide_description=\u00bbanimation-name:fadeTop;\u00bb global_colors_info=\u00bb{}\u00bb][et_pb_slide heading=\u00bbGILOG\u00bb _builder_version=\u00bb4.16&#8243; _module_preset=\u00bbdefault\u00bb header_level=\u00bbh1&#8243; header_font=\u00bb|700|||||||\u00bb header_text_align=\u00bbleft\u00bb header_text_color=\u00bb#8c072f\u00bb header_font_size=\u00bb100px\u00bb body_font=\u00bb|700|||||||\u00bb body_text_align=\u00bbleft\u00bb body_text_color=\u00bb#8c072f\u00bb body_font_size=\u00bb35px\u00bb body_letter_spacing=\u00bb-1px\u00bb background_enable_color=\u00bboff\u00bb background_image=\u00bbhttp:\/\/www.facesulavirtual.org\/gilog\/wp-content\/uploads\/2022\/10\/Alma_Gilog_1.jpg\u00bb background_enable_image=\u00bbon\u00bb header_font_size_tablet=\u00bb\u00bb header_font_size_phone=\u00bb50px\u00bb header_font_size_last_edited=\u00bbon|desktop\u00bb body_font_size_tablet=\u00bb\u00bb body_font_size_phone=\u00bb20px\u00bb body_font_size_last_edited=\u00bbon|desktop\u00bb global_colors_info=\u00bb{}\u00bb sticky_transition=\u00bbon\u00bb]<\/p>\n<p>Grupo de Investigaci\u00f3n de Legislaci\u00f3n Organizacional y Gerencia<\/p>\n<p>[\/et_pb_slide][et_pb_slide button_link=\u00bbhttps:\/\/www.facesulavirtual.org\/gilog\/gilog_net\/frontend\/web%20&#8243; url_new_window=\u00bbon\u00bb _builder_version=\u00bb4.27.4&#8243; _module_preset=\u00bbdefault\u00bb header_level=\u00bbh2&#8243; header_font=\u00bb|700|||||||\u00bb header_text_align=\u00bbcenter\u00bb header_text_color=\u00bb#8c072f\u00bb header_font_size=\u00bb45px\u00bb header_letter_spacing=\u00bb0px\u00bb header_line_height=\u00bb1.2em\u00bb body_font=\u00bb|700|||||||\u00bb body_text_align=\u00bbleft\u00bb body_text_color=\u00bb#D6D6D6&#8243; body_font_size=\u00bb45px\u00bb body_line_height=\u00bb1.5em\u00bb background_enable_color=\u00bboff\u00bb background_image=\u00bbhttp:\/\/www.facesulavirtual.org\/gilog\/wp-content\/uploads\/2022\/10\/Alma_Gilog_5-1.jpg\u00bb background_enable_image=\u00bbon\u00bb link_option_url=\u00bbhttps:\/\/www.facesulavirtual.org\/gilog\/gilog_net\/frontend\/web%20&#8243; link_option_url_new_window=\u00bbon\u00bb header_font_size_tablet=\u00bb\u00bb header_font_size_phone=\u00bb70px\u00bb header_font_size_last_edited=\u00bbon|desktop\u00bb body_font_size_tablet=\u00bb\u00bb body_font_size_phone=\u00bb20px\u00bb body_font_size_last_edited=\u00bbon|phone\u00bb global_colors_info=\u00bb{}\u00bb sticky_transition=\u00bbon\u00bb]<\/p>\n<p><span style=\"color: #8c072f;\">GILOG<\/span> Estamos listos para dar inicio al Seminario Introductorio del Doctorado en Ciencias Organizacionales, Cohorte IX-2025. Si estas interesado preinscr\u00edbete en este <span style=\"color: #ff6600;\">formulario<\/span><\/p>\n<p>[\/et_pb_slide][\/et_pb_fullwidth_slider][\/et_pb_section][et_pb_section fb_built=\u00bb1&#8243; next_background_color=\u00bb#8c072f\u00bb _builder_version=\u00bb4.16&#8243; _module_preset=\u00bbdefault\u00bb background_color=\u00bb#FFFFFF\u00bb custom_padding=\u00bb70px||106px|||\u00bb bottom_divider_style=\u00bbramp\u00bb global_colors_info=\u00bb{}\u00bb][et_pb_row column_structure=\u00bb2_5,3_5&#8243; _builder_version=\u00bb4.16&#8243; _module_preset=\u00bbdefault\u00bb custom_margin=\u00bb-23px|auto||auto||\u00bb custom_padding=\u00bb||5px|||\u00bb link_option_url=\u00bbhttps:\/\/www.facesulavirtual.org\/gilog\/nosotros\/\u00bb global_colors_info=\u00bb{}\u00bb][et_pb_column type=\u00bb2_5&#8243; _builder_version=\u00bb4.16&#8243; _module_preset=\u00bbdefault\u00bb global_colors_info=\u00bb{}\u00bb][et_pb_image src=\u00bbhttp:\/\/www.facesulavirtual.org\/gilog\/wp-content\/uploads\/2022\/10\/Grupal-2-scaled.jpg\u00bb title_text=\u00bbGrupal (2)\u00bb _builder_version=\u00bb4.16&#8243; _module_preset=\u00bbdefault\u00bb custom_padding=\u00bb|0px||||\u00bb border_radii=\u00bbon|12px|12px|12px|12px\u00bb border_color_all=\u00bbRGBA(0,0,0,0)\u00bb box_shadow_style=\u00bbpreset3&#8243; box_shadow_color=\u00bb#590010&#8243; global_colors_info=\u00bb{}\u00bb][\/et_pb_image][\/et_pb_column][et_pb_column type=\u00bb3_5&#8243; _builder_version=\u00bb4.16&#8243; _module_preset=\u00bbdefault\u00bb global_colors_info=\u00bb{}\u00bb][et_pb_blurb title=\u00bbNOSOTROS\u00bb use_icon=\u00bbon\u00bb _builder_version=\u00bb4.16&#8243; _module_preset=\u00bbdefault\u00bb header_level=\u00bbh2&#8243; header_font=\u00bb|700|||||||\u00bb header_text_align=\u00bbcenter\u00bb header_text_color=\u00bb#ef6903&#8243; header_font_size=\u00bb35px\u00bb header_line_height=\u00bb1.5em\u00bb body_font=\u00bb|600|||||||\u00bb body_text_align=\u00bbjustify\u00bb body_text_color=\u00bb#6B6B6B\u00bb body_font_size=\u00bb20px\u00bb body_line_height=\u00bb1.8em\u00bb custom_padding=\u00bb45px||82px|||\u00bb global_colors_info=\u00bb{}\u00bb]<\/p>\n<p dir=\"ltr\" class=\"CDt4Ke zfr3Q\">El Grupo de Investigaci\u00f3n de Legislaci\u00f3n Organizacional y Gerencia (GILOG), est\u00e1 formado por\u00a0un equipo <span>interdisciplinario<\/span> orientado a los estudios del Derecho y la Gerencia aplicados al \u00e1mbito organizacional.<\/p>\n<p>[\/et_pb_blurb][\/et_pb_column][\/et_pb_row][\/et_pb_section][et_pb_section fb_built=\u00bb1&#8243; _builder_version=\u00bb4.16&#8243; _module_preset=\u00bbdefault\u00bb background_color=\u00bb#8c072f\u00bb custom_padding=\u00bb18px||0px|||\u00bb bottom_divider_color=\u00bbrgba(179,179,179,0.9)\u00bb global_colors_info=\u00bb{}\u00bb][et_pb_row column_structure=\u00bb3_5,2_5&#8243; _builder_version=\u00bb4.16&#8243; _module_preset=\u00bbdefault\u00bb custom_padding=\u00bb45px||0px|||\u00bb link_option_url=\u00bbhttps:\/\/www.facesulavirtual.org\/gilog\/estudios\/\u00bb global_colors_info=\u00bb{}\u00bb][et_pb_column type=\u00bb3_5&#8243; _builder_version=\u00bb4.16&#8243; _module_preset=\u00bbdefault\u00bb global_colors_info=\u00bb{}\u00bb][et_pb_blurb title=\u00bbESTUDIOS\u00bb _builder_version=\u00bb4.16&#8243; _module_preset=\u00bbdefault\u00bb header_level=\u00bbh2&#8243; header_font=\u00bb|700|||||||\u00bb header_text_align=\u00bbcenter\u00bb header_text_color=\u00bb#ef6903&#8243; header_font_size=\u00bb35px\u00bb header_line_height=\u00bb1.5em\u00bb body_font=\u00bb|600|||||||\u00bb body_text_color=\u00bb#FFFFFF\u00bb body_font_size=\u00bb20px\u00bb body_line_height=\u00bb1.8em\u00bb custom_padding=\u00bb0px|||||\u00bb global_colors_info=\u00bb{}\u00bb]<\/p>\n<p style=\"text-align: justify;\"><span>El postgrado tiene gran preponderancia en las actividades del\u00a0<\/span><span><strong>GILOG<\/strong><\/span><span>. Posee dos principales programas de vanguardia: El Doctorado en Ciencias Organizacionales (DCO) y La Especializaci\u00f3n en Derecho del Trabajo y La Seguridad Social (EDTYSS).<\/span><\/p>\n<p>[\/et_pb_blurb][\/et_pb_column][et_pb_column type=\u00bb2_5&#8243; _builder_version=\u00bb4.16&#8243; _module_preset=\u00bbdefault\u00bb global_colors_info=\u00bb{}\u00bb][et_pb_image src=\u00bbhttp:\/\/www.facesulavirtual.org\/gilog\/wp-content\/uploads\/2022\/10\/Grupal-1-scaled.jpg\u00bb title_text=\u00bbGrupal (1)\u00bb _builder_version=\u00bb4.16&#8243; _module_preset=\u00bbdefault\u00bb border_radii=\u00bbon|12px|12px|12px|12px\u00bb box_shadow_style=\u00bbpreset3&#8243; box_shadow_color=\u00bb#590010&#8243; global_colors_info=\u00bb{}\u00bb][\/et_pb_image][\/et_pb_column][\/et_pb_row][\/et_pb_section][et_pb_section fb_built=\u00bb1&#8243; prev_background_color=\u00bb#8c072f\u00bb _builder_version=\u00bb4.16&#8243; _module_preset=\u00bbdefault\u00bb background_color=\u00bb#FFFFFF\u00bb custom_padding=\u00bb130px||0px|||\u00bb top_divider_style=\u00bbramp\u00bb bottom_divider_style=\u00bbramp\u00bb bottom_divider_color=\u00bb#8c072f\u00bb global_colors_info=\u00bb{}\u00bb][et_pb_row column_structure=\u00bb2_5,3_5&#8243; _builder_version=\u00bb4.16&#8243; _module_preset=\u00bbdefault\u00bb custom_margin=\u00bb-23px|auto||auto||\u00bb custom_padding=\u00bb||60px|||\u00bb link_option_url=\u00bbhttps:\/\/www.facesulavirtual.org\/gilog\/investigacion\/\u00bb global_colors_info=\u00bb{}\u00bb][et_pb_column type=\u00bb2_5&#8243; _builder_version=\u00bb4.16&#8243; _module_preset=\u00bbdefault\u00bb global_colors_info=\u00bb{}\u00bb][et_pb_image src=\u00bbhttp:\/\/www.facesulavirtual.org\/gilog\/wp-content\/uploads\/2022\/10\/Grupal-5-scaled.jpg\u00bb title_text=\u00bbGrupal (5)\u00bb _builder_version=\u00bb4.16&#8243; _module_preset=\u00bbdefault\u00bb border_radii=\u00bbon|12px|12px|12px|12px\u00bb border_color_all=\u00bbRGBA(0,0,0,0)\u00bb box_shadow_style=\u00bbpreset3&#8243; box_shadow_color=\u00bb#590010&#8243; global_colors_info=\u00bb{}\u00bb][\/et_pb_image][\/et_pb_column][et_pb_column type=\u00bb3_5&#8243; _builder_version=\u00bb4.16&#8243; _module_preset=\u00bbdefault\u00bb global_colors_info=\u00bb{}\u00bb][et_pb_blurb title=\u00bbINVESTIGACI\u00d3N\u00bb use_icon=\u00bbon\u00bb _builder_version=\u00bb4.16&#8243; _module_preset=\u00bbdefault\u00bb header_level=\u00bbh2&#8243; header_font=\u00bb|700|||||||\u00bb header_text_align=\u00bbcenter\u00bb header_text_color=\u00bb#ef6903&#8243; header_font_size=\u00bb35px\u00bb header_line_height=\u00bb1.5em\u00bb body_font=\u00bb|600|||||||\u00bb body_text_color=\u00bb#6B6B6B\u00bb body_font_size=\u00bb20px\u00bb body_line_height=\u00bb1.8em\u00bb custom_padding=\u00bb49px||82px|||\u00bb global_colors_info=\u00bb{}\u00bb]<\/p>\n<p style=\"text-align: justify;\"><span>La investigaci\u00f3n en el\u00a0<\/span><span><strong>GILOG\u00a0<\/strong><\/span><span>se compone de un engranaje entre la producci\u00f3n intelectual del postgrado y la retroalimentaci\u00f3n permanente en sus actividades acad\u00e9micas. Mantiene\u00a0<\/span><span><strong>dos l\u00edneas centrales de investigaci\u00f3n<\/strong><\/span><span>\u00a0en desarrollo.<\/span><\/p>\n<p>[\/et_pb_blurb][\/et_pb_column][\/et_pb_row][\/et_pb_section][et_pb_section fb_built=\u00bb1&#8243; _builder_version=\u00bb4.16&#8243; _module_preset=\u00bbdefault\u00bb background_color=\u00bb#8c072f\u00bb custom_padding=\u00bb13px||1px|||\u00bb top_divider_color=\u00bbrgba(179,179,179,0.9)\u00bb bottom_divider_color=\u00bbrgba(179,179,179,0.9)\u00bb global_colors_info=\u00bb{}\u00bb][et_pb_row column_structure=\u00bb3_5,2_5&#8243; _builder_version=\u00bb4.16&#8243; _module_preset=\u00bbdefault\u00bb custom_margin=\u00bb-23px|auto||auto||\u00bb custom_padding=\u00bb74px||0px|||\u00bb link_option_url=\u00bbhttps:\/\/www.facesulavirtual.org\/gilog\/extension\/\u00bb global_colors_info=\u00bb{}\u00bb][et_pb_column type=\u00bb3_5&#8243; _builder_version=\u00bb4.16&#8243; _module_preset=\u00bbdefault\u00bb global_colors_info=\u00bb{}\u00bb][et_pb_blurb title=\u00bbEXTENSI\u00d3N\u00bb use_icon=\u00bbon\u00bb _builder_version=\u00bb4.16&#8243; _module_preset=\u00bbdefault\u00bb header_level=\u00bbh2&#8243; header_font=\u00bb|700|||||||\u00bb header_text_align=\u00bbcenter\u00bb header_text_color=\u00bb#ef6903&#8243; header_font_size=\u00bb35px\u00bb header_line_height=\u00bb1.5em\u00bb body_text_color=\u00bb#FFFFFF\u00bb body_font_size=\u00bb20px\u00bb body_line_height=\u00bb1.8em\u00bb custom_padding=\u00bb18px||82px|||\u00bb global_colors_info=\u00bb{}\u00bb]<\/p>\n<p style=\"text-align: justify;\"><span><strong>El GILOG<\/strong><\/span><span>\u00a0se mantiene activo con la producci\u00f3n acad\u00e9mica y de investigaci\u00f3n de sus principales \u00f3rganos de divulgaci\u00f3n : S<\/span><span><strong>apienza Organizacional<\/strong><\/span><span>\u00a0y\u00a0<\/span><span><strong>Di Lavoro.<\/strong><\/span><\/p>\n<p>[\/et_pb_blurb][\/et_pb_column][et_pb_column type=\u00bb2_5&#8243; _builder_version=\u00bb4.16&#8243; _module_preset=\u00bbdefault\u00bb global_colors_info=\u00bb{}\u00bb][et_pb_image src=\u00bbhttp:\/\/www.facesulavirtual.org\/gilog\/wp-content\/uploads\/2022\/10\/Grupal-4-scaled.jpg\u00bb title_text=\u00bbGrupal (4)\u00bb _builder_version=\u00bb4.16&#8243; _module_preset=\u00bbdefault\u00bb border_radii=\u00bbon|12px|12px|12px|12px\u00bb box_shadow_style=\u00bbpreset3&#8243; box_shadow_color=\u00bb#590010&#8243; global_colors_info=\u00bb{}\u00bb][\/et_pb_image][\/et_pb_column][\/et_pb_row][\/et_pb_section][et_pb_section fb_built=\u00bb1&#8243; prev_background_color=\u00bb#8c072f\u00bb next_background_color=\u00bb#8c072f\u00bb _builder_version=\u00bb4.16&#8243; _module_preset=\u00bbdefault\u00bb background_color=\u00bb#FFFFFF\u00bb custom_padding=\u00bb148px||118px|||\u00bb top_divider_style=\u00bbramp\u00bb bottom_divider_style=\u00bbramp\u00bb global_colors_info=\u00bb{}\u00bb][et_pb_row column_structure=\u00bb2_5,3_5&#8243; _builder_version=\u00bb4.16&#8243; _module_preset=\u00bbdefault\u00bb custom_margin=\u00bb-55px|auto||auto||\u00bb custom_padding=\u00bb39px||10px|||\u00bb global_colors_info=\u00bb{}\u00bb][et_pb_column type=\u00bb2_5&#8243; _builder_version=\u00bb4.16&#8243; _module_preset=\u00bbdefault\u00bb global_colors_info=\u00bb{}\u00bb][et_pb_video src=\u00bbhttps:\/\/www.youtube.com\/watch?v=uE4sLTsPsX0&#8243; _builder_version=\u00bb4.16&#8243; _module_preset=\u00bbdefault\u00bb border_radii=\u00bbon|12px|12px|12px|12px\u00bb global_colors_info=\u00bb{}\u00bb][\/et_pb_video][\/et_pb_column][et_pb_column type=\u00bb3_5&#8243; _builder_version=\u00bb4.16&#8243; _module_preset=\u00bbdefault\u00bb global_colors_info=\u00bb{}\u00bb][et_pb_blurb title=\u00bbClase Inaugural DCO 2017&#8243; use_icon=\u00bbon\u00bb _builder_version=\u00bb4.16&#8243; _module_preset=\u00bbdefault\u00bb header_level=\u00bbh2&#8243; header_font=\u00bb|700|||||||\u00bb header_text_align=\u00bbcenter\u00bb header_text_color=\u00bb#ef6903&#8243; header_font_size=\u00bb35px\u00bb header_line_height=\u00bb1.5em\u00bb body_text_color=\u00bb#000000&#8243; body_font_size=\u00bb20px\u00bb body_line_height=\u00bb1.8em\u00bb custom_padding=\u00bb101px||82px|||\u00bb global_colors_info=\u00bb{}\u00bb][\/et_pb_blurb][\/et_pb_column][\/et_pb_row][et_pb_row column_structure=\u00bb2_5,3_5&#8243; _builder_version=\u00bb4.16&#8243; _module_preset=\u00bbdefault\u00bb custom_margin=\u00bb-55px|auto||auto||\u00bb custom_padding=\u00bb38px||10px|||\u00bb hover_enabled=\u00bb0&#8243; global_colors_info=\u00bb{}\u00bb sticky_enabled=\u00bb0&#8243;][et_pb_column type=\u00bb2_5&#8243; _builder_version=\u00bb4.16&#8243; _module_preset=\u00bbdefault\u00bb global_colors_info=\u00bb{}\u00bb][et_pb_video src=\u00bbhttps:\/\/www.youtube.com\/watch?v=4T487nBL-_4&#038;t=48s\u00bb _builder_version=\u00bb4.27.4&#8243; _module_preset=\u00bbdefault\u00bb border_radii=\u00bbon|12px|12px|12px|12px\u00bb global_colors_info=\u00bb{}\u00bb][\/et_pb_video][\/et_pb_column][et_pb_column type=\u00bb3_5&#8243; _builder_version=\u00bb4.16&#8243; _module_preset=\u00bbdefault\u00bb global_colors_info=\u00bb{}\u00bb][et_pb_blurb title=\u00bbIV Encuentro Red VEO 2023&#8243; use_icon=\u00bbon\u00bb _builder_version=\u00bb4.16&#8243; _module_preset=\u00bbdefault\u00bb header_level=\u00bbh2&#8243; header_font=\u00bb|700|||||||\u00bb header_text_align=\u00bbcenter\u00bb header_text_color=\u00bb#ef6903&#8243; header_font_size=\u00bb35px\u00bb header_line_height=\u00bb1.5em\u00bb body_text_color=\u00bb#000000&#8243; body_font_size=\u00bb20px\u00bb body_line_height=\u00bb1.8em\u00bb custom_padding=\u00bb101px||82px|||\u00bb global_colors_info=\u00bb{}\u00bb][\/et_pb_blurb][\/et_pb_column][\/et_pb_row][\/et_pb_section][et_pb_section fb_built=\u00bb1&#8243; _builder_version=\u00bb4.27.4&#8243; _module_preset=\u00bbdefault\u00bb background_color=\u00bb#8c072f\u00bb width=\u00bb92%\u00bb max_width=\u00bb92%\u00bb min_height=\u00bb840px\u00bb custom_padding=\u00bb31px||0px|||\u00bb top_divider_color=\u00bbRGBA(0,0,0,0)\u00bb global_colors_info=\u00bb{}\u00bb][et_pb_row column_structure=\u00bb1_3,1_3,1_3&#8243; _builder_version=\u00bb4.16&#8243; _module_preset=\u00bbdefault\u00bb custom_margin=\u00bb0px||0px||false|false\u00bb global_colors_info=\u00bb{}\u00bb][et_pb_column type=\u00bb1_3&#8243; _builder_version=\u00bb4.16&#8243; _module_preset=\u00bbdefault\u00bb global_colors_info=\u00bb{}\u00bb][et_pb_gallery gallery_ids=\u00bb222,224,210,211,1128,859&#8243; show_title_and_caption=\u00bboff\u00bb hover_icon=\u00bb&#x31;||divi||400&#8243; _builder_version=\u00bb4.27.4&#8243; _module_preset=\u00bbdefault\u00bb background_color=\u00bbRGBA(0,0,0,0)\u00bb border_radii=\u00bbon|12px|12px|12px|12px\u00bb text_shadow_style=\u00bbpreset3&#8243; global_colors_info=\u00bb{}\u00bb custom_margin__hover_enabled=\u00bbon|desktop\u00bb][\/et_pb_gallery][et_pb_text _builder_version=\u00bb4.27.4&#8243; _module_preset=\u00bbdefault\u00bb global_colors_info=\u00bb{}\u00bb][\/et_pb_text][et_pb_text _builder_version=\u00bb4.27.4&#8243; _module_preset=\u00bbdefault\u00bb text_text_color=\u00bb#FFFFFF\u00bb custom_padding=\u00bb0px||0px|||\u00bb global_colors_info=\u00bb{}\u00bb]<\/p>\n<p style=\"text-align: justify;\"><strong>Es una galer\u00eda muy emotiva para nosotros con los muchos buenos momentos, experiencias acad\u00e9micas que hemos desarrollado a lo largo de m\u00e1s de 10 a\u00f1os de trabajo universitario &#8230; si quieres ver m\u00e1s visita nuestro Instagram: @gilog_<\/strong><\/p>\n<p>[\/et_pb_text][et_pb_text _builder_version=\u00bb4.27.4&#8243; _module_preset=\u00bbdefault\u00bb global_colors_info=\u00bb{}\u00bb][\/et_pb_text][\/et_pb_column][et_pb_column type=\u00bb1_3&#8243; _builder_version=\u00bb4.16&#8243; _module_preset=\u00bbdefault\u00bb global_colors_info=\u00bb{}\u00bb][et_pb_image src=\u00bbhttp:\/\/www.facesulavirtual.org\/gilog\/wp-content\/uploads\/2025\/03\/FMTX9783.jpg\u00bb title_text=\u00bbFMTX9783&#8243; _builder_version=\u00bb4.27.4&#8243; _module_preset=\u00bbdefault\u00bb global_colors_info=\u00bb{}\u00bb][\/et_pb_image][et_pb_image src=\u00bbhttp:\/\/www.facesulavirtual.org\/gilog\/wp-content\/uploads\/2025\/03\/IMG_3050.jpg\u00bb title_text=\u00bbIMG_3050&#8243; _builder_version=\u00bb4.27.4&#8243; _module_preset=\u00bbdefault\u00bb global_colors_info=\u00bb{}\u00bb][\/et_pb_image][et_pb_image src=\u00bbhttp:\/\/www.facesulavirtual.org\/gilog\/wp-content\/uploads\/2025\/03\/VNVI1728.jpg\u00bb title_text=\u00bbVNVI1728&#8243; _builder_version=\u00bb4.27.4&#8243; _module_preset=\u00bbdefault\u00bb global_colors_info=\u00bb{}\u00bb][\/et_pb_image][et_pb_image src=\u00bbhttp:\/\/www.facesulavirtual.org\/gilog\/wp-content\/uploads\/2025\/03\/IMG_2414.jpg\u00bb title_text=\u00bbIMG_2414&#8243; _builder_version=\u00bb4.27.4&#8243; _module_preset=\u00bbdefault\u00bb global_colors_info=\u00bb{}\u00bb][\/et_pb_image][\/et_pb_column][et_pb_column type=\u00bb1_3&#8243; _builder_version=\u00bb4.16&#8243; _module_preset=\u00bbdefault\u00bb global_colors_info=\u00bb{}\u00bb][et_pb_image src=\u00bbhttp:\/\/www.facesulavirtual.org\/gilog\/wp-content\/uploads\/2025\/03\/GCJB5454.jpg\u00bb title_text=\u00bbGCJB5454&#8243; _builder_version=\u00bb4.27.4&#8243; _module_preset=\u00bbdefault\u00bb global_colors_info=\u00bb{}\u00bb][\/et_pb_image][et_pb_image src=\u00bbhttp:\/\/www.facesulavirtual.org\/gilog\/wp-content\/uploads\/2025\/03\/IMG_E4730.jpg\u00bb title_text=\u00bbIMG_E4730&#8243; _builder_version=\u00bb4.27.4&#8243; _module_preset=\u00bbdefault\u00bb global_colors_info=\u00bb{}\u00bb][\/et_pb_image][et_pb_image src=\u00bbhttp:\/\/www.facesulavirtual.org\/gilog\/wp-content\/uploads\/2025\/03\/IMG_1202.jpg\u00bb title_text=\u00bbIMG_1202&#8243; _builder_version=\u00bb4.27.4&#8243; _module_preset=\u00bbdefault\u00bb global_colors_info=\u00bb{}\u00bb][\/et_pb_image][et_pb_image src=\u00bbhttp:\/\/www.facesulavirtual.org\/gilog\/wp-content\/uploads\/2025\/03\/IMG_2696-scaled.jpg\u00bb title_text=\u00bbIMG_2696&#8243; _builder_version=\u00bb4.27.4&#8243; _module_preset=\u00bbdefault\u00bb global_colors_info=\u00bb{}\u00bb][\/et_pb_image][et_pb_image src=\u00bbhttp:\/\/www.facesulavirtual.org\/gilog\/wp-content\/uploads\/2025\/03\/FTBM6673.jpg\u00bb title_text=\u00bbFTBM6673&#8243; _builder_version=\u00bb4.27.4&#8243; _module_preset=\u00bbdefault\u00bb global_colors_info=\u00bb{}\u00bb][\/et_pb_image][\/et_pb_column][\/et_pb_row][\/et_pb_section]<\/p>\n","protected":false},"excerpt":{"rendered":"<p>Grupo de Investigaci\u00f3n de Legislaci\u00f3n Organizacional y GerenciaGILOG Estamos listos para dar inicio al Seminario Introductorio del Doctorado en Ciencias Organizacionales, Cohorte IX-2025. Si estas interesado preinscr\u00edbete en este formularioEl Grupo de Investigaci\u00f3n de Legislaci\u00f3n Organizacional y Gerencia (GILOG), est\u00e1 formado por\u00a0un equipo interdisciplinario orientado a los estudios del Derecho y la Gerencia aplicados al [&hellip;]<\/p>\n","protected":false},"author":1,"featured_media":0,"parent":0,"menu_order":0,"comment_status":"closed","ping_status":"closed","template":"","meta":{"_et_pb_use_builder":"on","_et_pb_old_content":"<!-- wp:image {\"align\":\"full\",\"id\":30,\"sizeSlug\":\"large\",\"linkDestination\":\"none\"} -->\n<figure class=\"wp-block-image alignfull size-large\"><img src=\"http:\/\/www.facesulavirtual.org\/gilog\/wp-content\/uploads\/2021\/06\/IMG_20210315_084854-1024x768.jpg\" alt=\"\" class=\"wp-image-30\"\/><\/figure>\n<!-- \/wp:image -->","_et_gb_content_width":"","footnotes":""},"class_list":["post-8","page","type-page","status-publish","hentry"],"_links":{"self":[{"href":"https:\/\/www.facesulavirtual.org\/gilog\/wp-json\/wp\/v2\/pages\/8","targetHints":{"allow":["GET"]}}],"collection":[{"href":"https:\/\/www.facesulavirtual.org\/gilog\/wp-json\/wp\/v2\/pages"}],"about":[{"href":"https:\/\/www.facesulavirtual.org\/gilog\/wp-json\/wp\/v2\/types\/page"}],"author":[{"embeddable":true,"href":"https:\/\/www.facesulavirtual.org\/gilog\/wp-json\/wp\/v2\/users\/1"}],"replies":[{"embeddable":true,"href":"https:\/\/www.facesulavirtual.org\/gilog\/wp-json\/wp\/v2\/comments?post=8"}],"version-history":[{"count":114,"href":"https:\/\/www.facesulavirtual.org\/gilog\/wp-json\/wp\/v2\/pages\/8\/revisions"}],"predecessor-version":[{"id":1165,"href":"https:\/\/www.facesulavirtual.org\/gilog\/wp-json\/wp\/v2\/pages\/8\/revisions\/1165"}],"wp:attachment":[{"href":"https:\/\/www.facesulavirtual.org\/gilog\/wp-json\/wp\/v2\/media?parent=8"}],"curies":[{"name":"wp","href":"https:\/\/api.w.org\/{rel}","templated":true}]}}