{"id":987510444,"date":"2024-11-07T14:13:28","date_gmt":"2024-11-07T14:13:28","guid":{"rendered":"https:\/\/www.facesulavirtual.org\/cide\/?page_id=987510444"},"modified":"2025-05-23T14:36:28","modified_gmt":"2025-05-23T14:36:28","slug":"certificados","status":"publish","type":"page","link":"https:\/\/www.facesulavirtual.org\/cide\/certificados\/","title":{"rendered":"Certificados"},"content":{"rendered":"<p>[et_pb_section fb_built=\u00bb1&#8243; _builder_version=\u00bb4.20.4&#8243; _module_preset=\u00bbdefault\u00bb background_image=\u00bbhttps:\/\/www.facesulavirtual.org\/cide\/wp-content\/uploads\/2023\/05\/si2.jpg\u00bb background_position=\u00bbtop_right\u00bb min_height=\u00bb361.9px\u00bb da_disable_devices=\u00bboff|off|off\u00bb global_colors_info=\u00bb{}\u00bb da_is_popup=\u00bboff\u00bb da_exit_intent=\u00bboff\u00bb da_has_close=\u00bbon\u00bb da_alt_close=\u00bboff\u00bb da_dark_close=\u00bboff\u00bb da_not_modal=\u00bbon\u00bb da_is_singular=\u00bboff\u00bb da_with_loader=\u00bboff\u00bb da_has_shadow=\u00bbon\u00bb][et_pb_row _builder_version=\u00bb4.20.4&#8243; _module_preset=\u00bbdefault\u00bb min_height=\u00bb59.3px\u00bb custom_padding=\u00bb46px||20px|||\u00bb global_colors_info=\u00bb{}\u00bb][et_pb_column type=\u00bb4_4&#8243; _builder_version=\u00bb4.20.4&#8243; _module_preset=\u00bbdefault\u00bb global_colors_info=\u00bb{}\u00bb][et_pb_text _builder_version=\u00bb4.21.0&#8243; _module_preset=\u00bbdefault\u00bb text_font=\u00bb|800|||||||\u00bb text_text_color=\u00bb#FFFFFF\u00bb text_font_size=\u00bb37px\u00bb text_text_shadow_style=\u00bbpreset2&#8243; global_colors_info=\u00bb{}\u00bb]<\/p>\n<p style=\"text-align: center;\">Certificados<\/p>\n<p>[\/et_pb_text][\/et_pb_column][\/et_pb_row][\/et_pb_section][et_pb_section fb_built=\u00bb1&#8243; _builder_version=\u00bb4.20.4&#8243; _module_preset=\u00bbdefault\u00bb da_disable_devices=\u00bboff|off|off\u00bb global_colors_info=\u00bb{}\u00bb da_is_popup=\u00bboff\u00bb da_exit_intent=\u00bboff\u00bb da_has_close=\u00bbon\u00bb da_alt_close=\u00bboff\u00bb da_dark_close=\u00bboff\u00bb da_not_modal=\u00bbon\u00bb da_is_singular=\u00bboff\u00bb da_with_loader=\u00bboff\u00bb da_has_shadow=\u00bbon\u00bb][et_pb_row _builder_version=\u00bb4.20.4&#8243; _module_preset=\u00bbdefault\u00bb global_colors_info=\u00bb{}\u00bb][et_pb_column type=\u00bb4_4&#8243; _builder_version=\u00bb4.20.4&#8243; _module_preset=\u00bbdefault\u00bb global_colors_info=\u00bb{}\u00bb][et_pb_accordion _builder_version=\u00bb4.27.4&#8243; _module_preset=\u00bbdefault\u00bb hover_enabled=\u00bb0&#8243; global_colors_info=\u00bb{}\u00bb sticky_enabled=\u00bb0&#8243;][et_pb_accordion_item title=\u00bbDiplomado en ciencia de datos en la gesti\u00f3n de las organizaciones.\u00bb open=\u00bbon\u00bb _builder_version=\u00bb4.27.4&#8243; _module_preset=\u00bbdefault\u00bb hover_enabled=\u00bb0&#8243; global_colors_info=\u00bb{}\u00bb sticky_enabled=\u00bb0&#8243;]<\/p>\n<table border=\"1\" style=\"border-collapse: collapse; width: 100%; height: 236px;\">\n<tbody>\n<tr style=\"height: 10px;\">\n<td style=\"width: 47.9375px; height: 10px; text-align: center;\">N\u00b0<\/td>\n<td style=\"width: 280.188px; height: 10px; text-align: center;\">Nombres<\/td>\n<td style=\"width: 313.922px; height: 10px; text-align: center;\">Apellidos<\/td>\n<td style=\"width: 333.953px; height: 10px; text-align: center;\">Per\u00edodo de ejecuci\u00f3n<\/td>\n<\/tr>\n<tr style=\"height: 10px;\">\n<td style=\"width: 47.9375px; height: 10px; text-align: center;\">1<\/td>\n<td style=\"width: 280.188px; height: 10px; text-align: center;\"><b>Alejandra Mar\u00eda <\/b><\/td>\n<td style=\"width: 313.922px; height: 10px; text-align: center;\"><b>Cruz <\/b><b>Ruza<\/b><\/td>\n<td style=\"width: 333.953px; height: 10px; text-align: center;\"><strong>24 \/10\/2024 al 15 \/ 04 \/ 2025<\/strong><\/td>\n<\/tr>\n<tr style=\"height: 24px;\">\n<td style=\"width: 47.9375px; text-align: center; height: 24px;\">2<\/td>\n<td style=\"width: 280.188px; text-align: center; height: 24px;\"><b>Gerardo Alexander <\/b><\/td>\n<td style=\"width: 313.922px; text-align: center; height: 24px;\"><b>Garc\u00eda Contreras<\/b><\/td>\n<td style=\"width: 333.953px; text-align: center; height: 24px;\"><strong>24 \/10\/2024 al 15 \/ 04 \/ 2025<\/strong><\/td>\n<\/tr>\n<tr style=\"height: 24px;\">\n<td style=\"width: 47.9375px; text-align: center; height: 24px;\">3<\/td>\n<td style=\"width: 280.188px; text-align: center; height: 24px;\"><b>Isnel Mayerl\u00edn \u00a0<\/b><\/td>\n<td style=\"width: 313.922px; text-align: center; height: 24px;\"><b> Hern\u00e1ndez Labrador<\/b><\/td>\n<td style=\"width: 333.953px; text-align: center; height: 24px;\"><strong> 24 \/10\/2024 al 15 \/ 04 \/ 2025<\/strong><\/td>\n<\/tr>\n<tr style=\"height: 24px;\">\n<td style=\"width: 47.9375px; text-align: center; height: 24px;\">4<\/td>\n<td style=\"width: 280.188px; text-align: center; height: 24px;\"><b>Jes\u00fas Alejandro <\/b><\/td>\n<td style=\"width: 313.922px; text-align: center; height: 24px;\"><b>\u00c1lamo Montilla<\/b><\/td>\n<td style=\"width: 333.953px; text-align: center; height: 24px;\"><strong>24 \/10\/2024 al 15 \/ 04 \/ 2025<\/strong><\/td>\n<\/tr>\n<tr style=\"height: 24px;\">\n<td style=\"width: 47.9375px; text-align: center; height: 24px;\">5<\/td>\n<td style=\"width: 280.188px; text-align: center; height: 24px;\"><b>Jes\u00fas David <\/b><\/td>\n<td style=\"width: 313.922px; text-align: center; height: 24px;\"><b>Palma<\/b><\/td>\n<td style=\"width: 333.953px; text-align: center; height: 24px;\"><strong>24 \/10\/2024 al 15 \/ 04 \/ 2025<\/strong><\/td>\n<\/tr>\n<tr style=\"height: 56px;\">\n<td style=\"width: 47.9375px; text-align: center; height: 28px;\">6<\/td>\n<td style=\"width: 280.188px; text-align: center; height: 28px;\"><b>Melissa<\/b><\/td>\n<td style=\"width: 313.922px; text-align: center; height: 28px;\"><b>Maiella\u00a0<\/b><\/td>\n<td style=\"width: 333.953px; text-align: center; height: 28px;\"><strong>24 \/10\/2024 al 15 \/ 04 \/ 2025\u00a0<\/strong><\/td>\n<\/tr>\n<tr style=\"height: 56px;\">\n<td style=\"width: 47.9375px; text-align: center; height: 25px;\">7<\/td>\n<td style=\"width: 280.188px; text-align: center; height: 25px;\"><b>Nixon<\/b><\/td>\n<td style=\"width: 313.922px; text-align: center; height: 25px;\"><b>Garc\u00eda<\/b><\/td>\n<td style=\"width: 333.953px; text-align: center; height: 25px;\"><strong>24 \/10\/2024 al 15 \/ 04 \/ 2025<\/strong><\/td>\n<\/tr>\n<tr style=\"height: 56px;\">\n<td style=\"width: 47.9375px; text-align: center; height: 27px;\">8<\/td>\n<td style=\"width: 280.188px; text-align: center; height: 27px;\"><b>Omar Eloy <\/b><\/td>\n<td style=\"width: 313.922px; text-align: center; height: 27px;\"><b>Ruiz Molina<\/b><\/td>\n<td style=\"width: 333.953px; text-align: center; height: 27px;\"><strong>24 \/10\/2024 al 15 \/ 04 \/ 2025<\/strong><\/td>\n<\/tr>\n<tr style=\"height: 56px;\">\n<td style=\"width: 47.9375px; text-align: center; height: 16px;\">9<\/td>\n<td style=\"width: 280.188px; text-align: center; height: 16px;\"><b>Syslairym Oriana <\/b><\/td>\n<td style=\"width: 313.922px; text-align: center; height: 16px;\"><b>Gil Gonz\u00e1lez<\/b><\/td>\n<td style=\"width: 333.953px; text-align: center; height: 16px;\"><strong>24 \/10\/2024 al 15 \/ 04 \/ 2025<\/strong><\/td>\n<\/tr>\n<tr style=\"height: 24px;\">\n<td style=\"width: 47.9375px; text-align: center; height: 24px;\">10<\/td>\n<td style=\"width: 280.188px; text-align: center; height: 24px;\"><b>Teresa<\/b><\/td>\n<td style=\"width: 313.922px; text-align: center; height: 24px;\"><b>Unda<\/b><\/td>\n<td style=\"width: 333.953px; text-align: center; height: 24px;\"><strong>24 \/10\/2024 al 15 \/ 04 \/ 2025<\/strong><\/td>\n<\/tr>\n<\/tbody>\n<\/table>\n<p>&nbsp;<\/p>\n<p>[\/et_pb_accordion_item][et_pb_accordion_item title=\u00bbDiplomado en competencias para la gerencia inteligente.\u00bb _builder_version=\u00bb4.27.4&#8243; _module_preset=\u00bbdefault\u00bb hover_enabled=\u00bb0&#8243; global_colors_info=\u00bb{}\u00bb open=\u00bboff\u00bb sticky_enabled=\u00bb0&#8243;]<\/p>\n<table border=\"1\" style=\"border-collapse: collapse; width: 101.82%; height: 402px;\">\n<tbody>\n<tr style=\"height: 10px;\">\n<td style=\"width: 47.9375px; height: 10px; text-align: center;\">N\u00b0<\/td>\n<td style=\"width: 280.188px; height: 10px; text-align: center;\">Nombres<\/td>\n<td style=\"width: 313.922px; height: 10px; text-align: center;\">Apellidos<\/td>\n<td style=\"width: 333.953px; height: 10px; text-align: center;\">Per\u00edodo de ejecuci\u00f3n<\/td>\n<\/tr>\n<tr style=\"height: 10px;\">\n<td style=\"width: 47.9375px; height: 10px; text-align: center;\">1<\/td>\n<td style=\"width: 280.188px; height: 10px; text-align: center;\"><b>Albania Andreina <\/b><\/td>\n<td style=\"width: 313.922px; height: 10px; text-align: center;\"><b>Toro Pirela<\/b><\/td>\n<td style=\"width: 333.953px; height: 10px; text-align: center;\"><strong>16 \/10\/2024 al 14 \/ 03 \/ 2025<\/strong><\/td>\n<\/tr>\n<tr style=\"height: 24px;\">\n<td style=\"width: 47.9375px; text-align: center; height: 24px;\">2<\/td>\n<td style=\"width: 280.188px; text-align: center; height: 24px;\"><b>Astrid del Mar <\/b><\/td>\n<td style=\"width: 313.922px; text-align: center; height: 24px;\"><b>M\u00e1rquez Blanco<\/b><\/td>\n<td style=\"width: 333.953px; text-align: center; height: 24px;\"><strong>16 \/10\/2024 al 14 \/ 03 \/ 2025<\/strong><\/td>\n<\/tr>\n<tr style=\"height: 24px;\">\n<td style=\"width: 47.9375px; text-align: center; height: 24px;\">3<\/td>\n<td style=\"width: 280.188px; text-align: center; height: 24px;\"><b>Checira<\/b><\/td>\n<td style=\"width: 313.922px; text-align: center; height: 24px;\"><b>Urdaneta Celis<\/b><\/td>\n<td style=\"width: 333.953px; text-align: center; height: 24px;\"><strong>16 \/10\/2024 al 14 \/ 03 \/ 2025<\/strong><\/td>\n<\/tr>\n<tr style=\"height: 24px;\">\n<td style=\"width: 47.9375px; text-align: center; height: 24px;\">4<\/td>\n<td style=\"width: 280.188px; text-align: center; height: 24px;\"><b>Deyen<\/b><\/td>\n<td style=\"width: 313.922px; text-align: center; height: 24px;\"><b>Rada<\/b><\/td>\n<td style=\"width: 333.953px; text-align: center; height: 24px;\"><strong>16 \/10\/2024 al 14 \/ 03 \/ 2025<\/strong><\/td>\n<\/tr>\n<tr style=\"height: 24px;\">\n<td style=\"width: 47.9375px; text-align: center; height: 24px;\">5<\/td>\n<td style=\"width: 280.188px; text-align: center; height: 24px;\"><b>Fiorella Andreina <\/b><\/td>\n<td style=\"width: 313.922px; text-align: center; height: 24px;\"><b>Rosales Flores<\/b><\/td>\n<td style=\"width: 333.953px; text-align: center; height: 24px;\"><strong>16 \/10\/2024 al 14 \/ 03 \/ 2025<\/strong><\/td>\n<\/tr>\n<tr style=\"height: 56px;\">\n<td style=\"width: 47.9375px; text-align: center; height: 28px;\">6<\/td>\n<td style=\"width: 280.188px; text-align: center; height: 28px;\"><b>Flor Eddy <\/b><\/td>\n<td style=\"width: 313.922px; text-align: center; height: 28px;\"><b>Sosa Contreras<\/b><\/td>\n<td style=\"width: 333.953px; text-align: center; height: 28px;\"><strong>16 \/10\/2024 al 14 \/ 03 \/ 2025 <\/strong><\/td>\n<\/tr>\n<tr style=\"height: 56px;\">\n<td style=\"width: 47.9375px; text-align: center; height: 25px;\">7<\/td>\n<td style=\"width: 280.188px; text-align: center; height: 25px;\"><b>Gabriela Alejandra <\/b><\/td>\n<td style=\"width: 313.922px; text-align: center; height: 25px;\"><b>Vega Ram\u00edrez<\/b><\/td>\n<td style=\"width: 333.953px; text-align: center; height: 25px;\"><strong>16 \/10\/2024 al 14 \/ 03 \/ 2025<\/strong><\/td>\n<\/tr>\n<tr style=\"height: 56px;\">\n<td style=\"width: 47.9375px; text-align: center; height: 27px;\">8<\/td>\n<td style=\"width: 280.188px; text-align: center; height: 27px;\"><b>Ivette Vanessa <\/b><\/td>\n<td style=\"width: 313.922px; text-align: center; height: 27px;\"><b>Urdaneta Soto<\/b><\/td>\n<td style=\"width: 333.953px; text-align: center; height: 27px;\"><strong>16 \/10\/2024 al 14 \/ 03 \/ 2025<\/strong><\/td>\n<\/tr>\n<tr style=\"height: 56px;\">\n<td style=\"width: 47.9375px; text-align: center; height: 16px;\">9<\/td>\n<td style=\"width: 280.188px; text-align: center; height: 16px;\"><b>Jos\u00e9 Luis <\/b><\/td>\n<td style=\"width: 313.922px; text-align: center; height: 16px;\"><b>Ariza G\u00f3mez<\/b><\/td>\n<td style=\"width: 333.953px; text-align: center; height: 16px;\"><strong>16 \/10\/2024 al 14 \/ 03 \/ 2025<\/strong><\/td>\n<\/tr>\n<tr style=\"height: 24px;\">\n<td style=\"width: 47.9375px; text-align: center; height: 24px;\">10<\/td>\n<td style=\"width: 280.188px; text-align: center; height: 24px;\"><b>Leonardo<\/b><\/td>\n<td style=\"width: 313.922px; text-align: center; height: 24px;\"><b>Jurado<\/b><\/td>\n<td style=\"width: 333.953px; text-align: center; height: 24px;\"><strong>16 \/10\/2024 al 14 \/ 03 \/ 2025<\/strong><\/td>\n<\/tr>\n<tr style=\"height: 24px;\">\n<td style=\"width: 47.9375px; text-align: center; height: 24px;\">11<\/td>\n<td style=\"width: 280.188px; text-align: center; height: 24px;\"><b>Mar\u00eda Valentina <\/b><\/td>\n<td style=\"width: 313.922px; text-align: center; height: 24px;\"><b>Flores Torres<\/b><\/td>\n<td style=\"width: 333.953px; text-align: center; height: 24px;\"><strong>16 \/10\/2024 al 14 \/ 03 \/ 2025<\/strong><\/td>\n<\/tr>\n<tr style=\"height: 24px;\">\n<td style=\"width: 47.9375px; text-align: center; height: 24px;\">12<\/td>\n<td style=\"width: 280.188px; text-align: center; height: 24px;\"><b>Marli<\/b><\/td>\n<td style=\"width: 313.922px; text-align: center; height: 24px;\"><b>Gonz\u00e1lez<\/b><\/td>\n<td style=\"width: 333.953px; text-align: center; height: 24px;\"><strong>16 \/10\/2024 al 14 \/ 03 \/ 2025<\/strong><\/td>\n<\/tr>\n<tr style=\"height: 24px;\">\n<td style=\"width: 47.9375px; text-align: center; height: 24px;\">13<\/td>\n<td style=\"width: 280.188px; text-align: center; height: 24px;\"><b>Oneida<\/b><\/td>\n<td style=\"width: 313.922px; text-align: center; height: 24px;\"><b>Garc\u00eda<\/b><\/td>\n<td style=\"width: 333.953px; text-align: center; height: 24px;\"><strong>16 \/10\/2024 al 14 \/ 03 \/ 2025<\/strong><\/td>\n<\/tr>\n<tr style=\"height: 24px;\">\n<td style=\"width: 47.9375px; text-align: center; height: 24px;\">14<\/td>\n<td style=\"width: 280.188px; text-align: center; height: 24px;\"><b>Reyna<\/b><\/td>\n<td style=\"width: 313.922px; text-align: center; height: 24px;\"><b>Barrios<\/b><\/td>\n<td style=\"width: 333.953px; text-align: center; height: 24px;\"><strong>16 \/10\/2024 al 14 \/ 03 \/ 2025<\/strong><\/td>\n<\/tr>\n<tr style=\"height: 24px;\">\n<td style=\"width: 47.9375px; text-align: center; height: 24px;\">15<\/td>\n<td style=\"width: 280.188px; text-align: center; height: 24px;\"><b>Sergio Alejandro <\/b><\/td>\n<td style=\"width: 313.922px; text-align: center; height: 24px;\"><b>Vera Barrios<\/b><\/td>\n<td style=\"width: 333.953px; text-align: center; height: 24px;\"><strong>16 \/10\/2024 al 14 \/ 03 \/ 2025<\/strong><\/td>\n<\/tr>\n<tr style=\"height: 24px;\">\n<td style=\"width: 47.9375px; text-align: center; height: 24px;\">16<\/td>\n<td style=\"width: 280.188px; text-align: center; height: 24px;\"><b>Veruska Astrid <\/b><\/td>\n<td style=\"width: 313.922px; text-align: center; height: 24px;\"><b>Palma Gollo<\/b><\/td>\n<td style=\"width: 333.953px; text-align: center; height: 24px;\"><strong>16 \/10\/2024 al 14 \/ 03 \/ 2025<\/strong><\/td>\n<\/tr>\n<tr style=\"height: 24px;\">\n<td style=\"width: 47.9375px; text-align: center; height: 24px;\">17<\/td>\n<td style=\"width: 280.188px; text-align: center; height: 24px;\"><b>Yexcenia Yulimar <\/b><\/td>\n<td style=\"width: 313.922px; text-align: center; height: 24px;\"><b>Acevedo Rojas<\/b><\/td>\n<td style=\"width: 333.953px; text-align: center; height: 24px;\"><strong>16 \/10\/2024 al 14 \/ 03 \/ 2025<\/strong><\/td>\n<\/tr>\n<\/tbody>\n<\/table>\n<p>[\/et_pb_accordion_item][\/et_pb_accordion][\/et_pb_column][\/et_pb_row][\/et_pb_section]<\/p>\n","protected":false},"excerpt":{"rendered":"<p>Certificados N\u00b0 Nombres Apellidos Per\u00edodo de ejecuci\u00f3n 1 Alejandra Mar\u00eda Cruz Ruza 24 \/10\/2024 al 15 \/ 04 \/ 2025 2 Gerardo Alexander Garc\u00eda Contreras 24 \/10\/2024 al 15 \/ 04 \/ 2025 3 Isnel Mayerl\u00edn \u00a0 Hern\u00e1ndez Labrador 24 \/10\/2024 al 15 \/ 04 \/ 2025 4 Jes\u00fas Alejandro \u00c1lamo Montilla 24 \/10\/2024 al [&hellip;]<\/p>\n","protected":false},"author":1,"featured_media":0,"parent":0,"menu_order":0,"comment_status":"closed","ping_status":"closed","template":"","meta":{"_et_pb_use_builder":"on","_et_pb_old_content":"","_et_gb_content_width":"","footnotes":""},"class_list":["post-987510444","page","type-page","status-publish","hentry"],"_links":{"self":[{"href":"https:\/\/www.facesulavirtual.org\/cide\/wp-json\/wp\/v2\/pages\/987510444","targetHints":{"allow":["GET"]}}],"collection":[{"href":"https:\/\/www.facesulavirtual.org\/cide\/wp-json\/wp\/v2\/pages"}],"about":[{"href":"https:\/\/www.facesulavirtual.org\/cide\/wp-json\/wp\/v2\/types\/page"}],"author":[{"embeddable":true,"href":"https:\/\/www.facesulavirtual.org\/cide\/wp-json\/wp\/v2\/users\/1"}],"replies":[{"embeddable":true,"href":"https:\/\/www.facesulavirtual.org\/cide\/wp-json\/wp\/v2\/comments?post=987510444"}],"version-history":[{"count":8,"href":"https:\/\/www.facesulavirtual.org\/cide\/wp-json\/wp\/v2\/pages\/987510444\/revisions"}],"predecessor-version":[{"id":987510767,"href":"https:\/\/www.facesulavirtual.org\/cide\/wp-json\/wp\/v2\/pages\/987510444\/revisions\/987510767"}],"wp:attachment":[{"href":"https:\/\/www.facesulavirtual.org\/cide\/wp-json\/wp\/v2\/media?parent=987510444"}],"curies":[{"name":"wp","href":"https:\/\/api.w.org\/{rel}","templated":true}]}}