{"id":1653,"date":"2023-05-03T14:20:20","date_gmt":"2023-05-03T14:20:20","guid":{"rendered":"https:\/\/www.facesulavirtual.org\/cide\/?page_id=1653"},"modified":"2023-05-15T17:49:20","modified_gmt":"2023-05-15T17:49:20","slug":"1653-2","status":"publish","type":"page","link":"https:\/\/www.facesulavirtual.org\/cide\/1653-2\/","title":{"rendered":"Descargas"},"content":{"rendered":"<p>[et_pb_section fb_built=\u00bb1&#8243; _builder_version=\u00bb4.20.4&#8243; _module_preset=\u00bbdefault\u00bb background_image=\u00bbhttps:\/\/www.facesulavirtual.org\/cide\/wp-content\/uploads\/2023\/05\/si2.jpg\u00bb background_position=\u00bbtop_right\u00bb min_height=\u00bb361.9px\u00bb global_colors_info=\u00bb{}\u00bb][et_pb_row _builder_version=\u00bb4.20.4&#8243; _module_preset=\u00bbdefault\u00bb min_height=\u00bb59.3px\u00bb custom_padding=\u00bb46px||20px|||\u00bb global_colors_info=\u00bb{}\u00bb][et_pb_column type=\u00bb4_4&#8243; _builder_version=\u00bb4.20.4&#8243; _module_preset=\u00bbdefault\u00bb global_colors_info=\u00bb{}\u00bb][et_pb_text _builder_version=\u00bb4.20.4&#8243; _module_preset=\u00bbdefault\u00bb text_font=\u00bb|800|||||||\u00bb text_text_color=\u00bb#FFFFFF\u00bb text_font_size=\u00bb37px\u00bb text_text_shadow_style=\u00bbpreset2&#8243; global_colors_info=\u00bb{}\u00bb]<\/p>\n<p style=\"text-align: center;\">Descargas<\/p>\n<p>[\/et_pb_text][\/et_pb_column][\/et_pb_row][\/et_pb_section][et_pb_section fb_built=\u00bb1&#8243; _builder_version=\u00bb4.20.4&#8243; _module_preset=\u00bbdefault\u00bb global_colors_info=\u00bb{}\u00bb][et_pb_row _builder_version=\u00bb4.20.4&#8243; _module_preset=\u00bbdefault\u00bb global_colors_info=\u00bb{}\u00bb][et_pb_column type=\u00bb4_4&#8243; _builder_version=\u00bb4.20.4&#8243; _module_preset=\u00bbdefault\u00bb global_colors_info=\u00bb{}\u00bb][dnxte_timeline _builder_version=\u00bb4.21.0&#8243; _module_preset=\u00bbdefault\u00bb hover_enabled=\u00bb0&#8243; global_colors_info=\u00bb{}\u00bb sticky_enabled=\u00bb0&#8243;][dnxte_timeline_child timeline_title=\u00bbReglamento general del Cide\u00bb timeline_use_image=\u00bboff\u00bb timeline_icon=\u00bb&#xf1c1;||fa||400&#8243; timeline_date=\u00bb1&#8243; timeline_button_text=\u00bbVer PDF\u00bb timeline_button_link=\u00bbhttps:\/\/www.facesulavirtual.org\/cide\/wp-content\/uploads\/2023\/05\/Reglamento-CIDE-REFORMA-2016-1.pdf\u00bb timeline_icon_position=\u00bb19px\u00bb timeline_icon_color=\u00bb#B9B9B9&#8243; timeline_icon_size=\u00bb9px\u00bb timeline_bg_color=\u00bb#811212&#8243; button_bg_color=\u00bb#F19914&#8243; icon_bg_color=\u00bb#F19914&#8243; _builder_version=\u00bb4.20.4&#8243; _module_preset=\u00bbdefault\u00bb header_font=\u00bb|800|||||||\u00bb header_text_color=\u00bb#FFFFFF\u00bb button_font=\u00bb|700|||||||\u00bb identifier_text_color=\u00bb#FFFFFF\u00bb hover_enabled=\u00bb0&#8243; border_color_all_button=\u00bb#F19914&#8243; box_shadow_style_timeline=\u00bbpreset1&#8243; box_shadow_color_timeline=\u00bb#811212&#8243; box_shadow_style_button=\u00bbpreset3&#8243; global_colors_info=\u00bb{}\u00bb sticky_enabled=\u00bb0&#8243;][\/dnxte_timeline_child][dnxte_timeline_child timeline_title=\u00bbReglamento Interno para el Desarrollo de Eventos\u00bb timeline_use_image=\u00bboff\u00bb timeline_icon=\u00bb&#xf1c1;||fa||400&#8243; timeline_date=\u00bb2&#8243; timeline_button_text=\u00bbVer PDF\u00bb timeline_button_link=\u00bbhttps:\/\/www.facesulavirtual.org\/cide\/wp-content\/uploads\/2023\/05\/Reglamento-Interno-para-el-desarrollo-de-eventos.pdf\u00bb timeline_icon_position=\u00bb14px\u00bb timeline_icon_color=\u00bb#811212&#8243; timeline_bg_color=\u00bb#811212&#8243; button_bg_color=\u00bb#F19914&#8243; icon_bg_color=\u00bb#811212&#8243; _builder_version=\u00bb4.20.4&#8243; _module_preset=\u00bbdefault\u00bb header_font=\u00bb|700|||||||\u00bb header_text_color=\u00bb#FFFFFF\u00bb button_font=\u00bb|600|||||||\u00bb button_text_color=\u00bb#FFFFFF\u00bb identifier_text_color=\u00bbRGBA(255,255,255,0)\u00bb box_shadow_style_timeline=\u00bbpreset1&#8243; box_shadow_color_timeline=\u00bb#811212&#8243; box_shadow_style_button=\u00bbpreset3&#8243; global_colors_info=\u00bb{}\u00bb][\/dnxte_timeline_child][dnxte_timeline_child timeline_title=\u00bbReglamentos de los Estudios de Postgrado CEP\u00bb timeline_use_image=\u00bboff\u00bb timeline_icon=\u00bb&#xf1c1;||fa||400&#8243; timeline_date=\u00bb3&#8243; timeline_button_text=\u00bbVer PDF\u00bb timeline_button_link=\u00bbhttps:\/\/www.facesulavirtual.org\/cide\/wp-content\/uploads\/2023\/05\/REGLAMENTO-DE-LOS-ESTUDIOS-DE-POSTGRADO-CEP.pdf\u00bb timeline_icon_color=\u00bb#FFFFFF\u00bb timeline_bg_color=\u00bb#F19914&#8243; button_bg_color=\u00bb#811212&#8243; icon_bg_color=\u00bb#F19914&#8243; _builder_version=\u00bb4.20.4&#8243; _module_preset=\u00bbdefault\u00bb header_font=\u00bb|700|||||||\u00bb header_text_color=\u00bb#FFFFFF\u00bb button_font=\u00bb|600|||||||\u00bb identifier_text_color=\u00bbRGBA(255,255,255,0)\u00bb box_shadow_style_timeline=\u00bbpreset1&#8243; box_shadow_color_timeline=\u00bb#F19914&#8243; box_shadow_style_button=\u00bbpreset3&#8243; global_colors_info=\u00bb{}\u00bb][\/dnxte_timeline_child][dnxte_timeline_child timeline_title=\u00bbReglamento de los Estudios de Postgrados \u00bb timeline_use_image=\u00bboff\u00bb timeline_use_icon=\u00bboff\u00bb timeline_date=\u00bb4&#8243; timeline_button_text=\u00bbVer PDF\u00bb timeline_button_link=\u00bbhttps:\/\/www.facesulavirtual.org\/cide\/wp-content\/uploads\/2023\/05\/REGLAMENTO-DE-LOS-ESTUDIOS-DE-POSTGRADO.pdf\u00bb timeline_icon_position=\u00bb15px\u00bb timeline_bg_color=\u00bb#F19914&#8243; button_bg_color=\u00bb#811212&#8243; icon_bg_color=\u00bb#811212&#8243; _builder_version=\u00bb4.20.4&#8243; _module_preset=\u00bbdefault\u00bb header_font=\u00bb|700|||||||\u00bb header_text_color=\u00bb#FFFFFF\u00bb button_font=\u00bb|600|||||||\u00bb identifier_text_color=\u00bbRGBA(255,255,255,0)\u00bb box_shadow_style_timeline=\u00bbpreset1&#8243; box_shadow_color_timeline=\u00bb#F19914&#8243; box_shadow_style_button=\u00bbpreset3&#8243; global_colors_info=\u00bb{}\u00bb][\/dnxte_timeline_child][dnxte_timeline_child timeline_title=\u00bbReglamento Diplomados\u00bb timeline_date=\u00bb5&#8243; timeline_button_text=\u00bbVer PDF\u00bb timeline_icon_color=\u00bbRGBA(255,255,255,0)\u00bb timeline_bg_color=\u00bb#811212&#8243; button_bg_color=\u00bb#F19914&#8243; icon_bg_color=\u00bb#F19914&#8243; _builder_version=\u00bb4.21.0&#8243; _module_preset=\u00bbdefault\u00bb header_font=\u00bb|700|||||||\u00bb header_text_color=\u00bb#FFFFFF\u00bb identifier_text_color=\u00bbRGBA(255,255,255,0)\u00bb hover_enabled=\u00bb0&#8243; box_shadow_style_timeline=\u00bbpreset1&#8243; box_shadow_color_timeline=\u00bb#811212&#8243; box_shadow_style_button=\u00bbpreset3&#8243; global_colors_info=\u00bb{}\u00bb timeline_button_link=\u00bbhttps:\/\/www.facesulavirtual.org\/cide\/wp-content\/uploads\/2023\/05\/NUEVO-REGLAMENTO-DIPLOMADOS-EN-GENERAL.pdf\u00bb sticky_enabled=\u00bb0&#8243;][\/dnxte_timeline_child][dnxte_timeline_child timeline_title=\u00bbInstructivo para la Elaboraci\u00f3n del Trabajo de Grado\u00bb timeline_use_icon=\u00bboff\u00bb timeline_date=\u00bb6&#8243; timeline_button_text=\u00bbVer PDF\u00bb timeline_button_link=\u00bbhttps:\/\/www.facesulavirtual.org\/cide\/wp-content\/uploads\/2023\/04\/Instructivo-actualizado-version-definitiva.pdf\u00bb timeline_bg_color=\u00bb#811212&#8243; button_bg_color=\u00bb#F19914&#8243; icon_bg_color=\u00bb#811212&#8243; _builder_version=\u00bb4.20.4&#8243; _module_preset=\u00bbdefault\u00bb header_font=\u00bb|700|||||||\u00bb header_text_color=\u00bb#FFFFFF\u00bb button_font=\u00bb|600|||||||\u00bb identifier_text_color=\u00bbRGBA(255,255,255,0)\u00bb box_shadow_style_timeline=\u00bbpreset1&#8243; box_shadow_color_timeline=\u00bb#811212&#8243; box_shadow_style_button=\u00bbpreset3&#8243; global_colors_info=\u00bb{}\u00bb][\/dnxte_timeline_child][\/dnxte_timeline][\/et_pb_column][\/et_pb_row][\/et_pb_section]<\/p>\n","protected":false},"excerpt":{"rendered":"<p>Descargas<div class=\"et_pb_module dnxte_timeline dnxte_timeline_0\">\n\t\t\t\t\n\t\t\t\t\n\t\t\t\t\n\t\t\t\t\n\t\t\t\t\n\t\t\t\t\n\t\t\t\t<div class=\"et_pb_module_inner\">\n\t\t\t\t\t<section id=\"dnxte-timline\"><\/section>\n\t\t\t\t<\/div>\n\t\t\t<\/div><div class=\"et_pb_with_border et_pb_module dnxte_timeline_child dnxte_timeline_child_0\">\n\t\t\t\t\n\t\t\t\t\n\t\t\t\t\n\t\t\t\t\n\t\t\t\t\n\t\t\t\t\n\t\t\t\t<div class=\"et_pb_module_inner\">\n\t\t\t\t\t\r\n            <div class=\"dnxte-timline-block\">\r\n                <div class=\"dnxte-timline-img dnxte-timeline-pic\">\r\n                    \r\n                    <span class=\"dnxte-timline-icon\">&#xf1c1;<\/span>\r\n                <\/div>\r\n                <div class=\"dnxte-timline-content\">\r\n                    \r\n                    <h2 class=\"dnxte-timline-heading\">Reglamento general del Cide<\/h2>\r\n                    \r\n                    <div class=\"dnxte-timline-btn-container \">\r\n                        <a href=\"https:\/\/www.facesulavirtual.org\/cide\/wp-content\/uploads\/2023\/05\/Reglamento-CIDE-REFORMA-2016-1.pdf\" target=\"_self\" class=\"dnxte-timline-btn-more\">Ver PDF<\/a>\r\n                    <\/div>\r\n                    <span class=\"dnxte-timline-date\">1<\/span>\r\n                <\/div>\r\n            <\/div>\n\t\t\t\t<\/div>\n\t\t\t<\/div><div class=\"et_pb_module dnxte_timeline_child dnxte_timeline_child_1\">\n\t\t\t\t\n\t\t\t\t\n\t\t\t\t\n\t\t\t\t\n\t\t\t\t\n\t\t\t\t\n\t\t\t\t<div class=\"et_pb_module_inner\">\n\t\t\t\t\t\r\n            <div class=\"dnxte-timline-block\">\r\n                <div class=\"dnxte-timline-img dnxte-timeline-pic\">\r\n                    \r\n                    <span class=\"dnxte-timline-icon\"><\/span>\r\n                <\/div>\r\n                <div class=\"dnxte-timline-content\">\r\n                    \r\n                    <h2 class=\"dnxte-timline-heading\">\u00bbReglamento<\/h2>\r\n                    \r\n                    <div class=\"dnxte-timline-btn-container \">\r\n                        <a href=\"\" target=\"_self\" class=\"dnxte-timline-btn-more\">\u00bbVer<\/a>\r\n                    <\/div>\r\n                    <span class=\"dnxte-timline-date\">\u00bb2&#8243;<\/span>\r\n                <\/div>\r\n            <\/div>\n\t\t\t\t<\/div>\n\t\t\t<\/div><\/p>\n","protected":false},"author":1,"featured_media":0,"parent":0,"menu_order":0,"comment_status":"closed","ping_status":"closed","template":"","meta":{"_et_pb_use_builder":"on","_et_pb_old_content":"<!-- wp:feedzy-rss-feeds\/feedzy-block {\"feeds\":\"faces-ula-virtual\",\"feedData\":{\"channel\":{\"title\":\"e-FACES ULA\",\"description\":\"Formaci\u00f3n Continua\",\"permalink\":\"https:\/\/www.facesulavirtual.org\/w\/\"},\"items\":[{\"title\":\"DISE\u00d1O Y VALIDACI\u00d3N DE CUESTIONARIOS\",\"link\":\"https:\/\/www.facesulavirtual.org\/w\/diseno-y-validacion-de-cuestionarios\/\",\"creator\":\"Anny Florez\",\"source\":\"\",\"pubDate\":1648042215,\"date\":\"marzo 23, 2022\",\"time\":\"1:30 pm\",\"description\":\"u003cpu003eLa entrada u003ca rel=u0022nofollowu0022 href=u0022https:\/\/www.facesulavirtual.org\/w\/diseno-y-validacion-de-cuestionarios\/u0022u003eDISE\u00d1O Y VALIDACI\u00d3N DE CUESTIONARIOSu003c\/au003e se public\u00f3 primero en %%https:\/\/www.facesulavirtual.org\/w%%.u003c\/pu003e\",\"thumbnail\":\"https:\/\/www.facesulavirtual.org\/w\/wp-content\/uploads\/logo-1.png\",\"default_img\":\"https:\/\/www.facesulavirtual.org\/cide\/wp-content\/plugins\/feedzy-rss-feeds\/img\/feedzy.svg\",\"price\":null,\"media\":null,\"categories\":\"Cursos, IIES\"},{\"title\":\"INVESTIGACI\u00d3N POR MUESTREO: T\u00c9CNICAS PARA LA RECOLECCI\u00d3N DE DATOS.\",\"link\":\"https:\/\/www.facesulavirtual.org\/w\/investigacion-por-muestreo-tecnicas-para-la-recoleccion-de-datos\/\",\"creator\":\"Anny Florez\",\"source\":\"\",\"pubDate\":1648041735,\"date\":\"marzo 23, 2022\",\"time\":\"1:22 pm\",\"description\":\"u003cpu003eLa entrada u003ca rel=u0022nofollowu0022 href=u0022https:\/\/www.facesulavirtual.org\/w\/investigacion-por-muestreo-tecnicas-para-la-recoleccion-de-datos\/u0022u003eINVESTIGACI\u00d3N POR MUESTREO: T\u00c9CNICAS PARA LA RECOLECCI\u00d3N DE DATOS.u003c\/au003e se public\u00f3 primero en %%https:\/\/www.facesulavirtual.org\/w%%.u003c\/pu003e\",\"thumbnail\":\"https:\/\/www.facesulavirtual.org\/w\/wp-content\/uploads\/logo-1.png\",\"default_img\":\"https:\/\/www.facesulavirtual.org\/cide\/wp-content\/plugins\/feedzy-rss-feeds\/img\/feedzy.svg\",\"price\":null,\"media\":null,\"categories\":\"Cursos, IIES\"},{\"title\":\"AN\u00c1LISIS DE REGRESI\u00d3N LINEAL EN SPSS: T\u00c9CNICAS PARA EL AN\u00c1LISIS DE DATOS\",\"link\":\"https:\/\/www.facesulavirtual.org\/w\/analisis-de-regresion-lineal-en-spss-tecnicas-para-el-analisis-de-datos\/\",\"creator\":\"Anny Florez\",\"source\":\"\",\"pubDate\":1648040649,\"date\":\"marzo 23, 2022\",\"time\":\"1:04 pm\",\"description\":\"u003cpu003eLa entrada u003ca rel=u0022nofollowu0022 href=u0022https:\/\/www.facesulavirtual.org\/w\/analisis-de-regresion-lineal-en-spss-tecnicas-para-el-analisis-de-datos\/u0022u003eAN\u00c1LISIS DE REGRESI\u00d3N LINEAL EN SPSS: T\u00c9CNICAS PARA EL AN\u00c1LISIS DE DATOSu003c\/au003e se public\u00f3 primero en %%https:\/\/www.facesulavirtual.org\/w%%.u003c\/pu003e\",\"thumbnail\":\"https:\/\/www.facesulavirtual.org\/w\/wp-content\/uploads\/logo-1.png\",\"default_img\":\"https:\/\/www.facesulavirtual.org\/cide\/wp-content\/plugins\/feedzy-rss-feeds\/img\/feedzy.svg\",\"price\":null,\"media\":null,\"categories\":\"Cursos, IIES\"},{\"title\":\"Curso Internacional. Gesti\u00f3n de talento humano por competencias\",\"link\":\"https:\/\/www.facesulavirtual.org\/w\/curso-internacional-gestion-de-talento-humano-por-competencias\/\",\"creator\":\"Anny Florez\",\"source\":\"\",\"pubDate\":1648039081,\"date\":\"marzo 23, 2022\",\"time\":\"12:38 pm\",\"description\":\"u003cpu003eLa entrada u003ca rel=u0022nofollowu0022 href=u0022https:\/\/www.facesulavirtual.org\/w\/curso-internacional-gestion-de-talento-humano-por-competencias\/u0022u003eCurso Internacional. Gesti\u00f3n de talento humano por competenciasu003c\/au003e se public\u00f3 primero en %%https:\/\/www.facesulavirtual.org\/w%%.u003c\/pu003e\",\"thumbnail\":\"https:\/\/www.facesulavirtual.org\/w\/wp-content\/uploads\/cropped-GILOG_Virtual_PositivoColor-01-300x300-3.png\",\"default_img\":\"https:\/\/www.facesulavirtual.org\/cide\/wp-content\/plugins\/feedzy-rss-feeds\/img\/feedzy.svg\",\"price\":null,\"media\":null,\"categories\":\"Diplomados, GILOG\"},{\"title\":\"TUTOR\u00cdAS Y DIRECCI\u00d3N PARA TRABAJOS DE PRODUCCI\u00d3N CIENT\u00cdFICA\",\"link\":\"https:\/\/www.facesulavirtual.org\/w\/tutorias-y-direccion-para-trabajos-de-produccion-cientifica\/\",\"creator\":\"Anny Florez\",\"source\":\"\",\"pubDate\":1648038121,\"date\":\"marzo 23, 2022\",\"time\":\"12:22 pm\",\"description\":\"u003cpu003eLa entrada u003ca rel=u0022nofollowu0022 href=u0022https:\/\/www.facesulavirtual.org\/w\/tutorias-y-direccion-para-trabajos-de-produccion-cientifica\/u0022u003eTUTOR\u00cdAS Y DIRECCI\u00d3N PARA TRABAJOS DE PRODUCCI\u00d3N CIENT\u00cdFICAu003c\/au003e se public\u00f3 primero en %%https:\/\/www.facesulavirtual.org\/w%%.u003c\/pu003e\",\"thumbnail\":\"https:\/\/www.facesulavirtual.org\/w\/wp-content\/uploads\/cropped-GILOG_Virtual_PositivoColor-01-300x300-3.png\",\"default_img\":\"https:\/\/www.facesulavirtual.org\/cide\/wp-content\/plugins\/feedzy-rss-feeds\/img\/feedzy.svg\",\"price\":null,\"media\":null,\"categories\":\"Diplomados, GILOG\"},{\"title\":\"ESCRITURA ACAD\u00c9MICA Y DIVULGACI\u00d3N  DE PRODUCCI\u00d3N CIENT\u00cdFICA EN LAS CIENCIAS SOCIALES Y ORGANIZACIONALES\",\"link\":\"https:\/\/www.facesulavirtual.org\/w\/escritura-academica-y-divulgacion-de-produccion-cientifica-en-las-ciencias-sociales-y-organizacionales\/\",\"creator\":\"Anny Florez\",\"source\":\"\",\"pubDate\":1647974310,\"date\":\"marzo 22, 2022\",\"time\":\"6:38 pm\",\"description\":\"u003cpu003eLa entrada u003ca rel=u0022nofollowu0022 href=u0022https:\/\/www.facesulavirtual.org\/w\/escritura-academica-y-divulgacion-de-produccion-cientifica-en-las-ciencias-sociales-y-organizacionales\/u0022u003eESCRITURA ACAD\u00c9MICA Y DIVULGACI\u00d3N  DE PRODUCCI\u00d3N CIENT\u00cdFICA EN LAS CIENCIAS SOCIALES Y ORGANIZACIONALESu003c\/au003e se public\u00f3 primero en %%https:\/\/www.facesulavirtual.org\/w%%.u003c\/pu003e\",\"thumbnail\":\"https:\/\/www.facesulavirtual.org\/w\/wp-content\/uploads\/cropped-GILOG_Virtual_PositivoColor-01-300x300-3.png\",\"default_img\":\"https:\/\/www.facesulavirtual.org\/cide\/wp-content\/plugins\/feedzy-rss-feeds\/img\/feedzy.svg\",\"price\":null,\"media\":null,\"categories\":\"Diplomados, GILOG\"},{\"title\":\"TELETRABAJO, GESTI\u00d3N Y TRANSFORMACI\u00d3N DIGITAL\",\"link\":\"https:\/\/www.facesulavirtual.org\/w\/teletrabajo-gestion-y-transformacion-digital\/\",\"creator\":\"Anny Florez\",\"source\":\"\",\"pubDate\":1647972378,\"date\":\"marzo 22, 2022\",\"time\":\"6:06 pm\",\"description\":\"u003cpu003eLa entrada u003ca rel=u0022nofollowu0022 href=u0022https:\/\/www.facesulavirtual.org\/w\/teletrabajo-gestion-y-transformacion-digital\/u0022u003eTELETRABAJO, GESTI\u00d3N Y TRANSFORMACI\u00d3N DIGITALu003c\/au003e se public\u00f3 primero en %%https:\/\/www.facesulavirtual.org\/w%%.u003c\/pu003e\",\"thumbnail\":\"https:\/\/www.facesulavirtual.org\/w\/wp-content\/uploads\/cropped-GILOG_Virtual_PositivoColor-01-300x300-2.png\",\"default_img\":\"https:\/\/www.facesulavirtual.org\/cide\/wp-content\/plugins\/feedzy-rss-feeds\/img\/feedzy.svg\",\"price\":null,\"media\":null,\"categories\":\"Diplomados, GILOG\"},{\"title\":\"GERENCIA DE PROYECTOS\",\"link\":\"https:\/\/www.facesulavirtual.org\/w\/gerencia-de-proyectos\/\",\"creator\":\"Anny Florez\",\"source\":\"\",\"pubDate\":1647971329,\"date\":\"marzo 22, 2022\",\"time\":\"5:48 pm\",\"description\":\"u003cpu003eLa entrada u003ca rel=u0022nofollowu0022 href=u0022https:\/\/www.facesulavirtual.org\/w\/gerencia-de-proyectos\/u0022u003eGERENCIA DE PROYECTOSu003c\/au003e se public\u00f3 primero en %%https:\/\/www.facesulavirtual.org\/w%%.u003c\/pu003e\",\"thumbnail\":\"https:\/\/www.facesulavirtual.org\/w\/wp-content\/uploads\/genticS-1-300x146.png\",\"default_img\":\"https:\/\/www.facesulavirtual.org\/cide\/wp-content\/plugins\/feedzy-rss-feeds\/img\/feedzy.svg\",\"price\":null,\"media\":null,\"categories\":\"Cursos, GENTICS\"},{\"title\":\"ELABORACI\u00d3N Y PRESENTACI\u00d3N DE TRABAJOS DE GRADO\",\"link\":\"https:\/\/www.facesulavirtual.org\/w\/elaboracion-y-presentacion-de-trabajos-de-grado\/\",\"creator\":\"Anny Florez\",\"source\":\"\",\"pubDate\":1647965936,\"date\":\"marzo 22, 2022\",\"time\":\"4:18 pm\",\"description\":\"u003cpu003eLa entrada u003ca rel=u0022nofollowu0022 href=u0022https:\/\/www.facesulavirtual.org\/w\/elaboracion-y-presentacion-de-trabajos-de-grado\/u0022u003eELABORACI\u00d3N Y PRESENTACI\u00d3N DE TRABAJOS DE GRADOu003c\/au003e se public\u00f3 primero en %%https:\/\/www.facesulavirtual.org\/w%%.u003c\/pu003e\",\"thumbnail\":\"https:\/\/www.facesulavirtual.org\/w\/wp-content\/uploads\/genticS-1-300x146.png\",\"default_img\":\"https:\/\/www.facesulavirtual.org\/cide\/wp-content\/plugins\/feedzy-rss-feeds\/img\/feedzy.svg\",\"price\":null,\"media\":null,\"categories\":\"Cursos, GENTICS\"},{\"title\":\"WORKSHOP ONLINE TELETRABAJO CON M\u00c9TODOS LEAN \u2013 AGILE\",\"link\":\"https:\/\/www.facesulavirtual.org\/w\/workshop-online-teletrabajo-con-metodos-lean-agile\/\",\"creator\":\"Anny Florez\",\"source\":\"\",\"pubDate\":1647965283,\"date\":\"marzo 22, 2022\",\"time\":\"4:08 pm\",\"description\":\"u003cpu003eLa entrada u003ca rel=u0022nofollowu0022 href=u0022https:\/\/www.facesulavirtual.org\/w\/workshop-online-teletrabajo-con-metodos-lean-agile\/u0022u003eWORKSHOP ONLINE TELETRABAJO CON M\u00c9TODOS LEAN \u2013 AGILEu003c\/au003e se public\u00f3 primero en %%https:\/\/www.facesulavirtual.org\/w%%.u003c\/pu003e\",\"thumbnail\":\"https:\/\/www.facesulavirtual.org\/w\/wp-content\/uploads\/genticS-1-300x146.png\",\"default_img\":\"https:\/\/www.facesulavirtual.org\/cide\/wp-content\/plugins\/feedzy-rss-feeds\/img\/feedzy.svg\",\"price\":null,\"media\":null,\"categories\":\"Cursos, GENTICS\"}]},\"categories\":[\"faces-ula-virtual\"]} \/-->","_et_gb_content_width":"","footnotes":""},"class_list":["post-1653","page","type-page","status-publish","hentry"],"_links":{"self":[{"href":"https:\/\/www.facesulavirtual.org\/cide\/wp-json\/wp\/v2\/pages\/1653","targetHints":{"allow":["GET"]}}],"collection":[{"href":"https:\/\/www.facesulavirtual.org\/cide\/wp-json\/wp\/v2\/pages"}],"about":[{"href":"https:\/\/www.facesulavirtual.org\/cide\/wp-json\/wp\/v2\/types\/page"}],"author":[{"embeddable":true,"href":"https:\/\/www.facesulavirtual.org\/cide\/wp-json\/wp\/v2\/users\/1"}],"replies":[{"embeddable":true,"href":"https:\/\/www.facesulavirtual.org\/cide\/wp-json\/wp\/v2\/comments?post=1653"}],"version-history":[{"count":8,"href":"https:\/\/www.facesulavirtual.org\/cide\/wp-json\/wp\/v2\/pages\/1653\/revisions"}],"predecessor-version":[{"id":987509881,"href":"https:\/\/www.facesulavirtual.org\/cide\/wp-json\/wp\/v2\/pages\/1653\/revisions\/987509881"}],"wp:attachment":[{"href":"https:\/\/www.facesulavirtual.org\/cide\/wp-json\/wp\/v2\/media?parent=1653"}],"curies":[{"name":"wp","href":"https:\/\/api.w.org\/{rel}","templated":true}]}}